

{"id":118611,"date":"2023-02-12T17:33:20","date_gmt":"2023-02-12T17:33:20","guid":{"rendered":"https:\/\/book-a-bubble.ch\/protection-des-donnees\/"},"modified":"2025-05-09T15:32:39","modified_gmt":"2025-05-09T15:32:39","slug":"protection-des-donnees","status":"publish","type":"page","link":"https:\/\/book-a-bubble.ch\/fr\/protection-des-donnees\/","title":{"rendered":"Protection des donn\u00e9es"},"content":{"rendered":"<div class=\"iub_header\">\n<h1>D\u00e9claration de confidentialit\u00e9 de <strong>book-a-bubble.fr\/<\/strong><\/h1>\n<p>Cette application collecte des donn\u00e9es \u00e0 caract\u00e8re personnel aupr\u00e8s de ses utilisateurs.<\/p>\n<\/div>\n<h2 id=\"purposes_data\">Donn\u00e9es \u00e0 caract\u00e8re personnel trait\u00e9es pour les finalit\u00e9s suivantes et par l&#8217;utilisation des services suivants :<\/h2>\n<ul class=\"for_boxes cf\">\n<li class=\"one_line_col\">\n<ul class=\"for_boxes\">\n<li>\n<div class=\"iconed policyicon_purpose_5\">\n<h3>Analytique<\/h3>\n<ul class=\"unstyled\">\n<li>\n<h3>Google Analytics, Hotjar Form Analysis &amp; Conversion Funnels, Google Ads Conversion-Tracking, Facebook Ads Conversion-Tracking (pixel Facebook), Google Analytics avec anonymisation d&#8217;IP et Heap Analytics<\/h3>\n<p>Donn\u00e9es \u00e0 caract\u00e8re personnel : Donn\u00e9es d&#8217;utilisation ; Tracker<\/li>\n<li>\n<h3>Google Analytics 4<\/h3>\n<p>Donn\u00e9es \u00e0 caract\u00e8re personnel : Nombre d&#8217;utilisateurs ; Latitude (de la ville) ; Informations sur le navigateur ; Informations sur l&#8217;appareil ; Donn\u00e9es d&#8217;utilisation ; Statistiques de session ; Ville ; Traceur<\/li>\n<\/ul>\n<\/div>\n<\/li>\n<li>\n<div class=\"iconed policyicon_purpose_25\">\n<h3>Affichage de contenus de plates-formes externes<\/h3>\n<ul class=\"unstyled\">\n<li>\n<h3>Widget Google Maps et Google Fonts<\/h3>\n<p>Donn\u00e9es \u00e0 caract\u00e8re personnel : Donn\u00e9es d&#8217;utilisation ; Tracker<\/li>\n<li>\n<h3>Calendly-widget<\/h3>\n<p>Donn\u00e9es personnelles : E-mail ; nom ; num\u00e9ro de t\u00e9l\u00e9phone ; tracker<\/li>\n<\/ul>\n<\/div>\n<\/li>\n<li>\n<div class=\"iconed policyicon_purpose_49\">\n<h3>Transfert de donn\u00e9es en dehors de l&#8217;UE<\/h3>\n<ul class=\"unstyled\">\n<li>\n<h3>Transfert de donn\u00e9es vers des pays qui garantissent les normes europ\u00e9ennes<\/h3>\n<p>Donn\u00e9es \u00e0 caract\u00e8re personnel : diff\u00e9rents types de donn\u00e9es<\/li>\n<\/ul>\n<\/div>\n<\/li>\n<li>\n<div class=\"iconed policyicon_purpose_68\">\n<h3>Collecte des pr\u00e9f\u00e9rences li\u00e9es \u00e0 la protection des donn\u00e9es<\/h3>\n<ul class=\"unstyled\">\n<li>\n<h3>iubenda Consent Solution<\/h3>\n<p>Donn\u00e9es \u00e0 caract\u00e8re personnel : Tracker ; Donn\u00e9es transmises lors de l&#8217;utilisation du service<\/li>\n<li>\n<h3>Solution iubenda pour les cookies<\/h3>\n<p>Donn\u00e9es \u00e0 caract\u00e8re personnel : Tracker<\/li>\n<\/ul>\n<\/div>\n<\/li>\n<li>\n<div class=\"iconed policyicon_purpose_34\">\n<h3>Cr\u00e9er et g\u00e9rer des copies de sauvegarde<\/h3>\n<ul class=\"unstyled\">\n<li>\n<h3>Copies de sauvegarde sur Google Drive<\/h3>\n<p>Donn\u00e9es personnelles : diff\u00e9rents types de donn\u00e9es, comme d\u00e9crit dans la d\u00e9claration de confidentialit\u00e9 du service.<\/li>\n<\/ul>\n<\/div>\n<\/li>\n<li>\n<div class=\"iconed policyicon_purpose_23\">\n<h3>Heat mapping et enregistrement de sessions<\/h3>\n<ul class=\"unstyled\">\n<li>\n<h3>Hotjar Heat Maps &amp; Recordings<\/h3>\n<p>Donn\u00e9es \u00e0 caract\u00e8re personnel : Donn\u00e9es d&#8217;utilisation ; traceurs ; diff\u00e9rents types de donn\u00e9es, comme d\u00e9crit dans la d\u00e9claration de confidentialit\u00e9 du service<\/li>\n<\/ul>\n<\/div>\n<\/li>\n<li>\n<div class=\"iconed policyicon_purpose_42\">\n<h3>H\u00e9bergement et infrastructure backend<\/h3>\n<ul class=\"unstyled\">\n<li>\n<h3>Amazon Web Services (AWS)<\/h3>\n<p>Donn\u00e9es personnelles : diff\u00e9rents types de donn\u00e9es, comme d\u00e9crit dans la d\u00e9claration de confidentialit\u00e9 du service.<\/li>\n<li>\n<h3>Fonctions Firebase Cloud<\/h3>\n<p>Donn\u00e9es \u00e0 caract\u00e8re personnel : Donn\u00e9es d&#8217;utilisation ; diff\u00e9rents types de donn\u00e9es, comme d\u00e9crit dans la d\u00e9claration de confidentialit\u00e9 du service<\/li>\n<\/ul>\n<\/div>\n<\/li>\n<li>\n<div class=\"iconed policyicon_purpose_13\">\n<h3>Fonction commentaire<\/h3>\n<ul class=\"unstyled\">\n<li>\n<h3>Propre syst\u00e8me de commentaires<\/h3>\n<p>Donn\u00e9es \u00e0 caract\u00e8re personnel : E-mail ; Nom ; Donn\u00e9es d&#8217;utilisation ; Num\u00e9ro de t\u00e9l\u00e9phone ; Pr\u00e9nom ; Site web<\/li>\n<\/ul>\n<\/div>\n<\/li>\n<li>\n<div class=\"iconed policyicon_purpose_27\">\n<h3>Engagement commercial<\/h3>\n<ul class=\"unstyled\">\n<li>\n<h3>Awin<\/h3>\n<p>Donn\u00e9es \u00e0 caract\u00e8re personnel : Donn\u00e9es d&#8217;utilisation ; Tracker<\/li>\n<\/ul>\n<\/div>\n<\/li>\n<li>\n<div class=\"iconed policyicon_purpose_10\">\n<h3>Contacter l&#8217;utilisateur<\/h3>\n<ul class=\"unstyled\">\n<li>\n<h3>Formulaire de contact<\/h3>\n<p>Donn\u00e9es \u00e0 caract\u00e8re personnel : E-mail ; nom de famille ; num\u00e9ro de t\u00e9l\u00e9phone<\/li>\n<li>\n<h3>Liste de diffusion ou newsletter<\/h3>\n<p>Donn\u00e9es \u00e0 caract\u00e8re personnel : E-mail ; Nom de famille ; Pr\u00e9nom<\/li>\n<li>\n<h3>Contact t\u00e9l\u00e9phonique<\/h3>\n<p>Donn\u00e9es \u00e0 caract\u00e8re personnel : Num\u00e9ro de t\u00e9l\u00e9phone<\/li>\n<\/ul>\n<\/div>\n<\/li>\n<li>\n<div class=\"iconed policyicon_purpose_9\">\n<h3>Inscription et connexion<\/h3>\n<ul class=\"unstyled\">\n<li>\n<h3>Google OAuth<\/h3>\n<p>Donn\u00e9es personnelles : diff\u00e9rents types de donn\u00e9es, comme d\u00e9crit dans la d\u00e9claration de confidentialit\u00e9 du service.<\/li>\n<\/ul>\n<\/div>\n<\/li>\n<li>\n<div class=\"iconed policyicon_purpose_32\">\n<h3>Remarketing et ciblage comportemental<\/h3>\n<ul class=\"unstyled\">\n<li>\n<h3>Retargeting du site LinkedIn, remarketing Google Ads et remarketing avec Google Analytics<\/h3>\n<p>Donn\u00e9es \u00e0 caract\u00e8re personnel : Donn\u00e9es d&#8217;utilisation ; Tracker<\/li>\n<\/ul>\n<\/div>\n<\/li>\n<li>\n<div class=\"iconed policyicon_purpose_38\">\n<h3>Protection contre le SPAM<\/h3>\n<ul class=\"unstyled\">\n<li>\n<h3>Google reCAPTCHA<\/h3>\n<p>Donn\u00e9es \u00e0 caract\u00e8re personnel : R\u00e9ponses aux questions ; enregistrements du capteur de mouvement ; mouvements de la souris ; clics ; donn\u00e9es d&#8217;utilisation ; position de d\u00e9filement ; frappes ; \u00e9v\u00e9nements tactiles ; trackers<\/li>\n<\/ul>\n<\/div>\n<\/li>\n<li>\n<div class=\"iconed policyicon_purpose_48\">\n<h3>Gestion des tags<\/h3>\n<ul class=\"unstyled\">\n<li>\n<h3>Gestionnaire de balises Google<\/h3>\n<p>Donn\u00e9es \u00e0 caract\u00e8re personnel : Donn\u00e9es d&#8217;utilisation ; Tracker<\/li>\n<\/ul>\n<\/div>\n<\/li>\n<li>\n<div class=\"iconed policyicon_purpose_21\">\n<h3>Traitement des paiements<\/h3>\n<ul class=\"unstyled\">\n<li>\n<h3>Apple Pay<\/h3>\n<p>Donn\u00e9es personnelles : E-mail ; Historique des achats ; Adresse de livraison ; Nom de famille ; Adresse de facturation<\/li>\n<li>\n<h3>Google Pay<\/h3>\n<p>Donn\u00e9es \u00e0 caract\u00e8re personnel : E-mail ; historique d&#8217;achat ; nom de famille ; adresse de facturation ; diff\u00e9rents types de donn\u00e9es, comme d\u00e9crit dans la d\u00e9claration de confidentialit\u00e9 du service.<\/li>\n<li>\n<h3>Klarna<\/h3>\n<p>Donn\u00e9es \u00e0 caract\u00e8re personnel : E-mail ; adresse de livraison ; nom de famille ; adresse de facturation ; diff\u00e9rents types de donn\u00e9es, comme d\u00e9crit dans la d\u00e9claration de confidentialit\u00e9 du service.<\/li>\n<li>\n<h3>PayPal<\/h3>\n<p>Donn\u00e9es personnelles : diff\u00e9rents types de donn\u00e9es, comme d\u00e9crit dans la d\u00e9claration de confidentialit\u00e9 du service.<\/li>\n<li>\n<h3>Bande<\/h3>\n<p>Donn\u00e9es \u00e0 caract\u00e8re personnel : E-mail ; diff\u00e9rents types de donn\u00e9es, comme d\u00e9crit dans la d\u00e9claration de confidentialit\u00e9 du service<\/li>\n<\/ul>\n<\/div>\n<\/li>\n<li>\n<div class=\"iconed policyicon_purpose_62\">\n<h3>Gestion de la collecte de donn\u00e9es et des enqu\u00eates en ligne<\/h3>\n<ul class=\"unstyled\">\n<li>\n<h3>Formulaires Google<\/h3>\n<p>Donn\u00e9es \u00e0 caract\u00e8re personnel : Donn\u00e9es transmises lors de l&#8217;utilisation du service<\/li>\n<\/ul>\n<\/div>\n<\/li>\n<li>\n<div class=\"iconed policyicon_purpose_31\">\n<h3>Gestion des pages de renvoi et des pages d&#8217;invitation<\/h3>\n<ul class=\"unstyled\">\n<li>\n<h3>Pages d&#8217;orientation<\/h3>\n<p>Donn\u00e9es \u00e0 caract\u00e8re personnel : E-mail ; donn\u00e9es d&#8217;utilisation ; diff\u00e9rents types de donn\u00e9es, comme d\u00e9crit dans la d\u00e9claration de confidentialit\u00e9 du service<\/li>\n<\/ul>\n<\/div>\n<\/li>\n<li>\n<div class=\"iconed policyicon_purpose_35\">\n<h3>Gestion des bases de donn\u00e9es des utilisateurs<\/h3>\n<ul class=\"unstyled\">\n<li>\n<h3>HubSpot CRM<\/h3>\n<p>Donn\u00e9es personnelles : diff\u00e9rents types de donn\u00e9es, comme d\u00e9crit dans la d\u00e9claration de confidentialit\u00e9 du service.<\/li>\n<li>\n<h3>Automatisation du marketing SendinBlue<\/h3>\n<p>Donn\u00e9es \u00e0 caract\u00e8re personnel : E-mail ; donn\u00e9es d&#8217;utilisation ; tracker<\/li>\n<\/ul>\n<\/div>\n<\/li>\n<li>\n<div class=\"iconed policyicon_purpose_7\">\n<h3>Publicit\u00e9<\/h3>\n<ul class=\"unstyled\">\n<li>\n<h3>ADCELL et Google Ad Manager<\/h3>\n<p>Donn\u00e9es \u00e0 caract\u00e8re personnel : Donn\u00e9es d&#8217;utilisation ; Tracker<\/li>\n<\/ul>\n<\/div>\n<\/li>\n<\/ul>\n<\/li>\n<\/ul>\n<h2 id=\"opt_out\">Informations sur le refus de la publicit\u00e9 bas\u00e9e sur les centres d&#8217;int\u00e9r\u00eat<\/h2>\n<p>En plus de toute fonction d&#8217;opt-out fournie par les services \u00e9num\u00e9r\u00e9s dans le pr\u00e9sent document, les utilisateurs peuvent en savoir plus sur la fa\u00e7on de refuser les publicit\u00e9s bas\u00e9es sur les centres d&#8217;int\u00e9r\u00eat en g\u00e9n\u00e9ral dans la section correspondante de la politique en mati\u00e8re de cookies.<\/p>\n<h2 id=\"further_data\">Plus d&#8217;informations sur le traitement des donn\u00e9es personnelles<\/h2>\n<ul class=\"for_boxes cf\">\n<li class=\"one_line_col wide\">\n<ul class=\"for_boxes\">\n<li>\n<div class=\"iconed icon_general\">\n<h3>Vente de biens et de services en ligne<\/h3>\n<p>Les donn\u00e9es personnelles collect\u00e9es sont utilis\u00e9es pour fournir des services aux utilisateurs ou pour vendre des marchandises, y compris des paiements et \u00e9ventuellement des livraisons.<br \/>\nLes donn\u00e9es personnelles collect\u00e9es pour effectuer le paiement peuvent \u00eatre des donn\u00e9es relatives \u00e0 la carte de cr\u00e9dit, au compte bancaire utilis\u00e9 pour le virement ou \u00e0 d&#8217;autres m\u00e9thodes de paiement pr\u00e9vues. Le type de donn\u00e9es collect\u00e9es par cette application d\u00e9pend du syst\u00e8me de paiement utilis\u00e9.<\/p>\n<\/div>\n<\/li>\n<li>\n<div class=\"iconed icon_general\">\n<h3>Analyse et pr\u00e9visions sur la base des donn\u00e9es des utilisateurs (&#8220;profilage&#8221;)<\/h3>\n<p>Le fournisseur peut utiliser les donn\u00e9es personnelles et les donn\u00e9es d&#8217;utilisation collect\u00e9es via cette application pour cr\u00e9er ou mettre \u00e0 jour des profils d&#8217;utilisateurs.<br \/>\nCe type de traitement des donn\u00e9es permet au fournisseur d&#8217;\u00e9valuer les choix, les pr\u00e9f\u00e9rences et le comportement de l&#8217;utilisateur aux fins d\u00e9crites dans la section correspondante du pr\u00e9sent document. Des profils d&#8217;utilisateurs peuvent \u00e9galement \u00eatre cr\u00e9\u00e9s par l&#8217;utilisation d&#8217;outils automatis\u00e9s tels que des algorithmes, qui peuvent \u00e9galement \u00eatre fournis par des tiers. Pour en savoir plus sur les activit\u00e9s de profilage men\u00e9es, les utilisateurs peuvent se reporter aux sections correspondantes du pr\u00e9sent document.<br \/>\nL&#8217;utilisateur a le droit de s&#8217;opposer \u00e0 tout moment \u00e0 ce type de profilage. Pour plus de d\u00e9tails sur les droits de l&#8217;utilisateur et leur exercice, veuillez consulter la section sur les droits de l&#8217;utilisateur.<\/p>\n<\/div>\n<\/li>\n<li>\n<div class=\"iconed icon_general\">\n<h3>Prise de d\u00e9cision automatis\u00e9e<\/h3>\n<p>La prise de d\u00e9cision automatis\u00e9e signifie qu&#8217;une d\u00e9cision susceptible d&#8217;avoir des cons\u00e9quences juridiques ou des cons\u00e9quences importantes similaires pour l&#8217;utilisateur est prise exclusivement par des moyens automatis\u00e9s et sans intervention humaine.<br \/>\nCette application peut utiliser les donn\u00e9es personnelles de l&#8217;utilisateur pour prendre des d\u00e9cisions, en tout ou en partie, sur la base de processus automatis\u00e9s dans le cadre des finalit\u00e9s d\u00e9crites dans le pr\u00e9sent document.<br \/>\nCette application utilise des processus d\u00e9cisionnels automatis\u00e9s dans la mesure o\u00f9 cela est n\u00e9cessaire pour la conclusion ou l&#8217;ex\u00e9cution d&#8217;un contrat entre l&#8217;utilisateur et le fournisseur ou sur la base du consentement explicite de l&#8217;utilisateur, dans la mesure o\u00f9 la loi l&#8217;exige. Les d\u00e9cisions automatis\u00e9es sont prises \u00e0 l&#8217;aide de moyens technologiques &#8211; g\u00e9n\u00e9ralement sur la base d&#8217;algorithmes selon des crit\u00e8res pr\u00e9d\u00e9finis &#8211; qui peuvent \u00e9galement \u00eatre mis \u00e0 disposition par des tiers.<br \/>\nLa logique sous-jacente \u00e0 la prise de d\u00e9cision automatis\u00e9e est :<\/p>\n<ul>\n<li>permettre le processus d\u00e9cisionnel ou l&#8217;am\u00e9liorer d&#8217;une autre mani\u00e8re ;<\/li>\n<li>garantir aux utilisateurs un traitement \u00e9quitable et impartial sur la base de crit\u00e8res constants et uniformes ;<\/li>\n<li>r\u00e9duire le pr\u00e9judice potentiel d\u00fb \u00e0 l&#8217;erreur humaine, aux pr\u00e9jug\u00e9s personnels ou \u00e0 d&#8217;autres circonstances susceptibles d&#8217;entra\u00eener une discrimination ou une disproportion dans le traitement des personnes physiques (etc.) ;<\/li>\n<li>r\u00e9duire le risque de non-respect des obligations contractuelles de l&#8217;utilisateur.<\/li>\n<\/ul>\n<p>Pour en savoir plus sur les finalit\u00e9s, les services de tiers, le cas \u00e9ch\u00e9ant, et une explication d\u00e9taill\u00e9e des d\u00e9cisions automatis\u00e9es dans ce service (cette application), les utilisateurs peuvent consulter les sections correspondantes du pr\u00e9sent document.<\/p>\n<h3>Cons\u00e9quences des processus d\u00e9cisionnels automatis\u00e9s pour les utilisateurs et droits des utilisateurs concern\u00e9s<\/h3>\n<p>Dans ce contexte, les utilisateurs soumis \u00e0 un tel traitement sont en droit d&#8217;exercer des droits sp\u00e9cifiques visant \u00e0 pr\u00e9venir ou \u00e0 limiter d&#8217;une autre mani\u00e8re les effets potentiels des d\u00e9cisions automatis\u00e9es prises.<\/p>\n<p>En particulier, les utilisateurs ont le droit<\/p>\n<ul>\n<li>d&#8217;obtenir une explication sur toute d\u00e9cision prise sur la base d&#8217;une prise de d\u00e9cision automatis\u00e9e et d&#8217;exprimer leur propre point de vue sur cette d\u00e9cision ;<\/li>\n<li>de contester une d\u00e9cision en demandant au prestataire de la reconsid\u00e9rer ou de prendre une nouvelle d\u00e9cision sur une base diff\u00e9rente ;<\/li>\n<li>sur l&#8217;intervention humaine du prestataire dans un tel traitement.<\/li>\n<\/ul>\n<p>Pour plus de d\u00e9tails sur les droits de l&#8217;utilisateur et leur exercice, veuillez consulter la section sur les droits de l&#8217;utilisateur.<\/p>\n<\/div>\n<\/li>\n<li>\n<div class=\"iconed icon_general\">\n<h3>Empreinte du navigateur<\/h3>\n<p>Le browser fingerprinting cr\u00e9e un identifiant bas\u00e9 sur la combinaison de caract\u00e9ristiques uniques d&#8217;un appareil (par exemple l&#8217;adresse IP, l&#8217;en-t\u00eate HTTP, les propri\u00e9t\u00e9s du navigateur, etc.) et permet de distinguer un utilisateur de tous les autres. Cela permet de suivre le comportement des utilisateurs sur l&#8217;ensemble des sites web. Browser Fingerprinting n&#8217;a pas de date d&#8217;expiration et ne peut pas \u00eatre supprim\u00e9.<\/p>\n<\/div>\n<\/li>\n<\/ul>\n<\/li>\n<\/ul>\n<h2 id=\"contact_information\">Coordonn\u00e9es<\/h2>\n<ul class=\"for_boxes cf\">\n<li class=\"one_line_col\">\n<ul class=\"for_boxes\">\n<li>\n<div class=\"iconed icon_owner\">\n<h3>Fournisseur et responsable<\/h3>\n<p>Bubble Tent Allemagne FM UG (haftungsbeschr\u00e4nkt)<br \/>\nAm Weinberg 29<br \/>\n77797 Ohlsbach<\/p>\n<p><strong>Adresse \u00e9lectronique du fournisseur :<\/strong> support@book-a-bubble.ch<\/p>\n<\/div>\n<\/li>\n<\/ul>\n<\/li>\n<\/ul>\n<div class=\"iub_footer\"><\/div>\n","protected":false},"excerpt":{"rendered":"<p>D\u00e9claration de confidentialit\u00e9 de book-a-bubble.fr\/ Cette application collecte des donn\u00e9es \u00e0 caract\u00e8re personnel aupr\u00e8s de ses utilisateurs. Donn\u00e9es \u00e0 caract\u00e8re personnel trait\u00e9es pour les finalit\u00e9s suivantes et par l&#8217;utilisation des services suivants : Analytique Google Analytics, Hotjar Form Analysis &amp; Conversion Funnels, Google Ads Conversion-Tracking, Facebook Ads Conversion-Tracking (pixel Facebook), Google Analytics avec anonymisation d&#8217;IP [&hellip;]<\/p>\n","protected":false},"author":1,"featured_media":0,"parent":0,"menu_order":0,"comment_status":"closed","ping_status":"closed","template":"","meta":{"_acf_changed":false,"footnotes":""},"class_list":["post-118611","page","type-page","status-publish","hentry"],"acf":[],"yoast_head":"<!-- This site is optimized with the Yoast SEO Premium plugin v26.0 (Yoast SEO v26.6) - https:\/\/yoast.com\/wordpress\/plugins\/seo\/ -->\n<title>Protection des donn\u00e9es \u2013 Vie priv\u00e9e respect\u00e9e<\/title>\n<meta name=\"description\" content=\"Nous traitons tes donn\u00e9es avec transparence et responsabilit\u00e9.\" \/>\n<meta name=\"robots\" content=\"index, follow, max-snippet:-1, max-image-preview:large, max-video-preview:-1\" \/>\n<meta property=\"og:locale\" content=\"fr_FR\" \/>\n<meta property=\"og:type\" content=\"article\" \/>\n<meta property=\"og:title\" content=\"Protection des donn\u00e9es\" \/>\n<meta property=\"og:description\" content=\"Nous traitons tes donn\u00e9es avec transparence et responsabilit\u00e9.\" \/>\n<meta property=\"og:url\" content=\"https:\/\/book-a-bubble.ch\/fr\/protection-des-donnees\/\" \/>\n<meta property=\"og:site_name\" content=\"Book a Bubble\" \/>\n<meta property=\"article:modified_time\" content=\"2025-05-09T15:32:39+00:00\" \/>\n<meta name=\"twitter:card\" content=\"summary_large_image\" \/>\n<meta name=\"twitter:label1\" content=\"Dur\u00e9e de lecture estim\u00e9e\" \/>\n\t<meta name=\"twitter:data1\" content=\"8 minutes\" \/>\n<script type=\"application\/ld+json\" class=\"yoast-schema-graph\">{\"@context\":\"https:\/\/schema.org\",\"@graph\":[{\"@type\":\"WebPage\",\"@id\":\"https:\/\/book-a-bubble.ch\/fr\/protection-des-donnees\/\",\"url\":\"https:\/\/book-a-bubble.ch\/fr\/protection-des-donnees\/\",\"name\":\"Protection des donn\u00e9es \u2013 Vie priv\u00e9e respect\u00e9e\",\"isPartOf\":{\"@id\":\"https:\/\/book-a-bubble.ch\/fr\/#website\"},\"datePublished\":\"2023-02-12T17:33:20+00:00\",\"dateModified\":\"2025-05-09T15:32:39+00:00\",\"description\":\"Nous traitons tes donn\u00e9es avec transparence et responsabilit\u00e9.\",\"breadcrumb\":{\"@id\":\"https:\/\/book-a-bubble.ch\/fr\/protection-des-donnees\/#breadcrumb\"},\"inLanguage\":\"fr-FR\",\"potentialAction\":[{\"@type\":\"ReadAction\",\"target\":[\"https:\/\/book-a-bubble.ch\/fr\/protection-des-donnees\/\"]}]},{\"@type\":\"BreadcrumbList\",\"@id\":\"https:\/\/book-a-bubble.ch\/fr\/protection-des-donnees\/#breadcrumb\",\"itemListElement\":[{\"@type\":\"ListItem\",\"position\":1,\"name\":\"Home\",\"item\":\"https:\/\/book-a-bubble.ch\/fr\/\"},{\"@type\":\"ListItem\",\"position\":2,\"name\":\"Protection des donn\u00e9es\"}]},{\"@type\":\"WebSite\",\"@id\":\"https:\/\/book-a-bubble.ch\/fr\/#website\",\"url\":\"https:\/\/book-a-bubble.ch\/fr\/\",\"name\":\"Book a Bubble - Finde dein Bubble Hotel\",\"description\":\"You can book an overnight stay in our Bubble Tent.\",\"publisher\":{\"@id\":\"https:\/\/book-a-bubble.ch\/fr\/#organization\"},\"potentialAction\":[{\"@type\":\"SearchAction\",\"target\":{\"@type\":\"EntryPoint\",\"urlTemplate\":\"https:\/\/book-a-bubble.ch\/fr\/?s={search_term_string}\"},\"query-input\":{\"@type\":\"PropertyValueSpecification\",\"valueRequired\":true,\"valueName\":\"search_term_string\"}}],\"inLanguage\":\"fr-FR\"},{\"@type\":\"Organization\",\"@id\":\"https:\/\/book-a-bubble.ch\/fr\/#organization\",\"name\":\"Book overnight stay in Bubble Tent - Book a Bubble\",\"url\":\"https:\/\/book-a-bubble.ch\/fr\/\",\"logo\":{\"@type\":\"ImageObject\",\"inLanguage\":\"fr-FR\",\"@id\":\"https:\/\/book-a-bubble.ch\/fr\/#\/schema\/logo\/image\/\",\"url\":\"https:\/\/book-a-bubble.ch\/wp-content\/uploads\/2022\/08\/Logo_Footer-e1659340173764.png\",\"contentUrl\":\"https:\/\/book-a-bubble.ch\/wp-content\/uploads\/2022\/08\/Logo_Footer-e1659340173764.png\",\"width\":453,\"height\":107,\"caption\":\"Book overnight stay in Bubble Tent - Book a Bubble\"},\"image\":{\"@id\":\"https:\/\/book-a-bubble.ch\/fr\/#\/schema\/logo\/image\/\"},\"sameAs\":[\"https:\/\/www.instagram.com\/bubble.tent.deutschland\/?hl=de\"]}]}<\/script>\n<!-- \/ Yoast SEO Premium plugin. -->","yoast_head_json":{"title":"Protection des donn\u00e9es \u2013 Vie priv\u00e9e respect\u00e9e","description":"Nous traitons tes donn\u00e9es avec transparence et responsabilit\u00e9.","robots":{"index":"index","follow":"follow","max-snippet":"max-snippet:-1","max-image-preview":"max-image-preview:large","max-video-preview":"max-video-preview:-1"},"og_locale":"fr_FR","og_type":"article","og_title":"Protection des donn\u00e9es","og_description":"Nous traitons tes donn\u00e9es avec transparence et responsabilit\u00e9.","og_url":"https:\/\/book-a-bubble.ch\/fr\/protection-des-donnees\/","og_site_name":"Book a Bubble","article_modified_time":"2025-05-09T15:32:39+00:00","twitter_card":"summary_large_image","twitter_misc":{"Dur\u00e9e de lecture estim\u00e9e":"8 minutes"},"schema":{"@context":"https:\/\/schema.org","@graph":[{"@type":"WebPage","@id":"https:\/\/book-a-bubble.ch\/fr\/protection-des-donnees\/","url":"https:\/\/book-a-bubble.ch\/fr\/protection-des-donnees\/","name":"Protection des donn\u00e9es \u2013 Vie priv\u00e9e respect\u00e9e","isPartOf":{"@id":"https:\/\/book-a-bubble.ch\/fr\/#website"},"datePublished":"2023-02-12T17:33:20+00:00","dateModified":"2025-05-09T15:32:39+00:00","description":"Nous traitons tes donn\u00e9es avec transparence et responsabilit\u00e9.","breadcrumb":{"@id":"https:\/\/book-a-bubble.ch\/fr\/protection-des-donnees\/#breadcrumb"},"inLanguage":"fr-FR","potentialAction":[{"@type":"ReadAction","target":["https:\/\/book-a-bubble.ch\/fr\/protection-des-donnees\/"]}]},{"@type":"BreadcrumbList","@id":"https:\/\/book-a-bubble.ch\/fr\/protection-des-donnees\/#breadcrumb","itemListElement":[{"@type":"ListItem","position":1,"name":"Home","item":"https:\/\/book-a-bubble.ch\/fr\/"},{"@type":"ListItem","position":2,"name":"Protection des donn\u00e9es"}]},{"@type":"WebSite","@id":"https:\/\/book-a-bubble.ch\/fr\/#website","url":"https:\/\/book-a-bubble.ch\/fr\/","name":"Book a Bubble - Finde dein Bubble Hotel","description":"You can book an overnight stay in our Bubble Tent.","publisher":{"@id":"https:\/\/book-a-bubble.ch\/fr\/#organization"},"potentialAction":[{"@type":"SearchAction","target":{"@type":"EntryPoint","urlTemplate":"https:\/\/book-a-bubble.ch\/fr\/?s={search_term_string}"},"query-input":{"@type":"PropertyValueSpecification","valueRequired":true,"valueName":"search_term_string"}}],"inLanguage":"fr-FR"},{"@type":"Organization","@id":"https:\/\/book-a-bubble.ch\/fr\/#organization","name":"Book overnight stay in Bubble Tent - Book a Bubble","url":"https:\/\/book-a-bubble.ch\/fr\/","logo":{"@type":"ImageObject","inLanguage":"fr-FR","@id":"https:\/\/book-a-bubble.ch\/fr\/#\/schema\/logo\/image\/","url":"https:\/\/book-a-bubble.ch\/wp-content\/uploads\/2022\/08\/Logo_Footer-e1659340173764.png","contentUrl":"https:\/\/book-a-bubble.ch\/wp-content\/uploads\/2022\/08\/Logo_Footer-e1659340173764.png","width":453,"height":107,"caption":"Book overnight stay in Bubble Tent - Book a Bubble"},"image":{"@id":"https:\/\/book-a-bubble.ch\/fr\/#\/schema\/logo\/image\/"},"sameAs":["https:\/\/www.instagram.com\/bubble.tent.deutschland\/?hl=de"]}]}},"_links":{"self":[{"href":"https:\/\/book-a-bubble.ch\/fr\/wp-json\/wp\/v2\/pages\/118611","targetHints":{"allow":["GET"]}}],"collection":[{"href":"https:\/\/book-a-bubble.ch\/fr\/wp-json\/wp\/v2\/pages"}],"about":[{"href":"https:\/\/book-a-bubble.ch\/fr\/wp-json\/wp\/v2\/types\/page"}],"author":[{"embeddable":true,"href":"https:\/\/book-a-bubble.ch\/fr\/wp-json\/wp\/v2\/users\/1"}],"replies":[{"embeddable":true,"href":"https:\/\/book-a-bubble.ch\/fr\/wp-json\/wp\/v2\/comments?post=118611"}],"version-history":[{"count":0,"href":"https:\/\/book-a-bubble.ch\/fr\/wp-json\/wp\/v2\/pages\/118611\/revisions"}],"wp:attachment":[{"href":"https:\/\/book-a-bubble.ch\/fr\/wp-json\/wp\/v2\/media?parent=118611"}],"curies":[{"name":"wp","href":"https:\/\/api.w.org\/{rel}","templated":true}]}}