

{"id":118617,"date":"2022-06-17T18:59:15","date_gmt":"2022-06-17T18:59:15","guid":{"rendered":"https:\/\/book-a-bubble.ch\/mentions-legales\/"},"modified":"2025-07-24T13:45:43","modified_gmt":"2025-07-24T13:45:43","slug":"mentions-legales","status":"publish","type":"page","link":"https:\/\/book-a-bubble.ch\/fr\/mentions-legales\/","title":{"rendered":"Mentions l\u00e9gales"},"content":{"rendered":"\t\t<div data-elementor-type=\"wp-page\" data-elementor-id=\"118617\" class=\"elementor elementor-118617 elementor-2\" data-elementor-post-type=\"page\">\n\t\t\t\t\t\t<section class=\"elementor-section elementor-top-section elementor-element elementor-element-40d41992 elementor-section-boxed elementor-section-height-default elementor-section-height-default\" data-id=\"40d41992\" data-element_type=\"section\">\n\t\t\t\t\t\t<div class=\"elementor-container elementor-column-gap-default\">\n\t\t\t\t\t<div class=\"elementor-column elementor-col-100 elementor-top-column elementor-element elementor-element-18656614\" data-id=\"18656614\" data-element_type=\"column\">\n\t\t\t<div class=\"elementor-widget-wrap elementor-element-populated\">\n\t\t\t\t\t\t<div class=\"elementor-element elementor-element-468b3d3 elementor-widget elementor-widget-text-editor\" data-id=\"468b3d3\" data-element_type=\"widget\" data-widget_type=\"text-editor.default\">\n\t\t\t\t<div class=\"elementor-widget-container\">\n\t\t\t\t\t\t\t\t\t<p>Partie responsable<br>Book a Bubble CH <br>c\/o Naturedome GmbH<br>Russenweg 30<br>8008 Z\u00fcrich<br><br>Exploitant du site<br>Bubble Tent Deutschland FM UG (haftungsbeschr\u00e4nkt)<br>G\u00e9rants autoris\u00e9s \u00e0 repr\u00e9senter :<br>Markus Mathes<br>Eschenauer Str. 10<br>90411 Nuremberg, Allemagne<\/p><p>Num\u00e9ro d&#8217;identification TVA : DE355207195<br>Registre du commerce : Tribunal d&#8217;instance de Nuremberg, HRB 41518<\/p><p>IMPORTANT ! Bubble Tent France ne propose pas de hotline en fonction de l&#8217;emplacement. Ce num\u00e9ro de t\u00e9l\u00e9phone sert \u00e0 l&#8217;obligation d&#8217;indication et aux demandes qui ne concernent pas les diff\u00e9rents sites. N&#8217;envoyez pas de demandes d&#8217;assistance ou de demandes li\u00e9es au site \u00e0 cette adresse e-mail.<\/p><p>Contact :<br>E-mail : <a href=\"mailto:support@book-a-bubble.ch\">support@book-a-bubble.ch<\/a><\/p><p>R\u00e9alisation technique et cr\u00e9ative :<br><a href=\"https:\/\/mathesconsulting.de\" rel=\"dofollow\">Agence WordPress et WooCommerce Mathes IT-Consulting<\/a><\/p>\t\t\t\t\t\t\t\t<\/div>\n\t\t\t\t<\/div>\n\t\t\t\t\t<\/div>\n\t\t<\/div>\n\t\t\t\t\t<\/div>\n\t\t<\/section>\n\t\t\t\t<\/div>\n\t\t","protected":false},"excerpt":{"rendered":"<p>Partie responsableBook a Bubble CH c\/o Naturedome GmbHRussenweg 308008 Z\u00fcrich Exploitant du siteBubble Tent Deutschland FM UG (haftungsbeschr\u00e4nkt)G\u00e9rants autoris\u00e9s \u00e0 repr\u00e9senter :Markus MathesEschenauer Str. 1090411 Nuremberg, Allemagne Num\u00e9ro d&#8217;identification TVA : DE355207195Registre du commerce : Tribunal d&#8217;instance de Nuremberg, HRB 41518 IMPORTANT ! Bubble Tent France ne propose pas de hotline en fonction de l&#8217;emplacement. [&hellip;]<\/p>\n","protected":false},"author":1,"featured_media":0,"parent":0,"menu_order":0,"comment_status":"closed","ping_status":"closed","template":"","meta":{"_acf_changed":false,"footnotes":""},"class_list":["post-118617","page","type-page","status-publish","hentry"],"acf":[],"yoast_head":"<!-- This site is optimized with the Yoast SEO Premium plugin v26.0 (Yoast SEO v26.6) - https:\/\/yoast.com\/wordpress\/plugins\/seo\/ -->\n<title>Mentions l\u00e9gales - Informations juridiques de Book a Bubble<\/title>\n<meta name=\"description\" content=\"Vous trouverez ici toutes les informations sur l&#039;op\u00e9rateur, les personnes de contact et les donn\u00e9es juridiques.\" \/>\n<meta name=\"robots\" content=\"index, follow, max-snippet:-1, max-image-preview:large, max-video-preview:-1\" \/>\n<meta property=\"og:locale\" content=\"fr_FR\" \/>\n<meta property=\"og:type\" content=\"article\" \/>\n<meta property=\"og:title\" content=\"Mentions l\u00e9gales\" \/>\n<meta property=\"og:description\" content=\"Vous trouverez ici toutes les informations sur l&#039;op\u00e9rateur, les personnes de contact et les donn\u00e9es juridiques.\" \/>\n<meta property=\"og:url\" content=\"https:\/\/book-a-bubble.ch\/fr\/mentions-legales\/\" \/>\n<meta property=\"og:site_name\" content=\"Book a Bubble\" \/>\n<meta property=\"article:modified_time\" content=\"2025-07-24T13:45:43+00:00\" \/>\n<meta name=\"twitter:card\" content=\"summary_large_image\" \/>\n<meta name=\"twitter:label1\" content=\"Dur\u00e9e de lecture estim\u00e9e\" \/>\n\t<meta name=\"twitter:data1\" content=\"1 minute\" \/>\n<script type=\"application\/ld+json\" class=\"yoast-schema-graph\">{\"@context\":\"https:\/\/schema.org\",\"@graph\":[{\"@type\":\"WebPage\",\"@id\":\"https:\/\/book-a-bubble.ch\/fr\/mentions-legales\/\",\"url\":\"https:\/\/book-a-bubble.ch\/fr\/mentions-legales\/\",\"name\":\"Mentions l\u00e9gales - Informations juridiques de Book a Bubble\",\"isPartOf\":{\"@id\":\"https:\/\/book-a-bubble.ch\/fr\/#website\"},\"datePublished\":\"2022-06-17T18:59:15+00:00\",\"dateModified\":\"2025-07-24T13:45:43+00:00\",\"description\":\"Vous trouverez ici toutes les informations sur l'op\u00e9rateur, les personnes de contact et les donn\u00e9es juridiques.\",\"breadcrumb\":{\"@id\":\"https:\/\/book-a-bubble.ch\/fr\/mentions-legales\/#breadcrumb\"},\"inLanguage\":\"fr-FR\",\"potentialAction\":[{\"@type\":\"ReadAction\",\"target\":[\"https:\/\/book-a-bubble.ch\/fr\/mentions-legales\/\"]}]},{\"@type\":\"BreadcrumbList\",\"@id\":\"https:\/\/book-a-bubble.ch\/fr\/mentions-legales\/#breadcrumb\",\"itemListElement\":[{\"@type\":\"ListItem\",\"position\":1,\"name\":\"Home\",\"item\":\"https:\/\/book-a-bubble.ch\/fr\/\"},{\"@type\":\"ListItem\",\"position\":2,\"name\":\"Mentions l\u00e9gales\"}]},{\"@type\":\"WebSite\",\"@id\":\"https:\/\/book-a-bubble.ch\/fr\/#website\",\"url\":\"https:\/\/book-a-bubble.ch\/fr\/\",\"name\":\"Book a Bubble - Finde dein Bubble Hotel\",\"description\":\"You can book an overnight stay in our Bubble Tent.\",\"publisher\":{\"@id\":\"https:\/\/book-a-bubble.ch\/fr\/#organization\"},\"potentialAction\":[{\"@type\":\"SearchAction\",\"target\":{\"@type\":\"EntryPoint\",\"urlTemplate\":\"https:\/\/book-a-bubble.ch\/fr\/?s={search_term_string}\"},\"query-input\":{\"@type\":\"PropertyValueSpecification\",\"valueRequired\":true,\"valueName\":\"search_term_string\"}}],\"inLanguage\":\"fr-FR\"},{\"@type\":\"Organization\",\"@id\":\"https:\/\/book-a-bubble.ch\/fr\/#organization\",\"name\":\"Book overnight stay in Bubble Tent - Book a Bubble\",\"url\":\"https:\/\/book-a-bubble.ch\/fr\/\",\"logo\":{\"@type\":\"ImageObject\",\"inLanguage\":\"fr-FR\",\"@id\":\"https:\/\/book-a-bubble.ch\/fr\/#\/schema\/logo\/image\/\",\"url\":\"https:\/\/book-a-bubble.ch\/wp-content\/uploads\/2022\/08\/Logo_Footer-e1659340173764.png\",\"contentUrl\":\"https:\/\/book-a-bubble.ch\/wp-content\/uploads\/2022\/08\/Logo_Footer-e1659340173764.png\",\"width\":453,\"height\":107,\"caption\":\"Book overnight stay in Bubble Tent - Book a Bubble\"},\"image\":{\"@id\":\"https:\/\/book-a-bubble.ch\/fr\/#\/schema\/logo\/image\/\"},\"sameAs\":[\"https:\/\/www.instagram.com\/bubble.tent.deutschland\/?hl=de\"]}]}<\/script>\n<!-- \/ Yoast SEO Premium plugin. -->","yoast_head_json":{"title":"Mentions l\u00e9gales - Informations juridiques de Book a Bubble","description":"Vous trouverez ici toutes les informations sur l'op\u00e9rateur, les personnes de contact et les donn\u00e9es juridiques.","robots":{"index":"index","follow":"follow","max-snippet":"max-snippet:-1","max-image-preview":"max-image-preview:large","max-video-preview":"max-video-preview:-1"},"og_locale":"fr_FR","og_type":"article","og_title":"Mentions l\u00e9gales","og_description":"Vous trouverez ici toutes les informations sur l'op\u00e9rateur, les personnes de contact et les donn\u00e9es juridiques.","og_url":"https:\/\/book-a-bubble.ch\/fr\/mentions-legales\/","og_site_name":"Book a Bubble","article_modified_time":"2025-07-24T13:45:43+00:00","twitter_card":"summary_large_image","twitter_misc":{"Dur\u00e9e de lecture estim\u00e9e":"1 minute"},"schema":{"@context":"https:\/\/schema.org","@graph":[{"@type":"WebPage","@id":"https:\/\/book-a-bubble.ch\/fr\/mentions-legales\/","url":"https:\/\/book-a-bubble.ch\/fr\/mentions-legales\/","name":"Mentions l\u00e9gales - Informations juridiques de Book a Bubble","isPartOf":{"@id":"https:\/\/book-a-bubble.ch\/fr\/#website"},"datePublished":"2022-06-17T18:59:15+00:00","dateModified":"2025-07-24T13:45:43+00:00","description":"Vous trouverez ici toutes les informations sur l'op\u00e9rateur, les personnes de contact et les donn\u00e9es juridiques.","breadcrumb":{"@id":"https:\/\/book-a-bubble.ch\/fr\/mentions-legales\/#breadcrumb"},"inLanguage":"fr-FR","potentialAction":[{"@type":"ReadAction","target":["https:\/\/book-a-bubble.ch\/fr\/mentions-legales\/"]}]},{"@type":"BreadcrumbList","@id":"https:\/\/book-a-bubble.ch\/fr\/mentions-legales\/#breadcrumb","itemListElement":[{"@type":"ListItem","position":1,"name":"Home","item":"https:\/\/book-a-bubble.ch\/fr\/"},{"@type":"ListItem","position":2,"name":"Mentions l\u00e9gales"}]},{"@type":"WebSite","@id":"https:\/\/book-a-bubble.ch\/fr\/#website","url":"https:\/\/book-a-bubble.ch\/fr\/","name":"Book a Bubble - Finde dein Bubble Hotel","description":"You can book an overnight stay in our Bubble Tent.","publisher":{"@id":"https:\/\/book-a-bubble.ch\/fr\/#organization"},"potentialAction":[{"@type":"SearchAction","target":{"@type":"EntryPoint","urlTemplate":"https:\/\/book-a-bubble.ch\/fr\/?s={search_term_string}"},"query-input":{"@type":"PropertyValueSpecification","valueRequired":true,"valueName":"search_term_string"}}],"inLanguage":"fr-FR"},{"@type":"Organization","@id":"https:\/\/book-a-bubble.ch\/fr\/#organization","name":"Book overnight stay in Bubble Tent - Book a Bubble","url":"https:\/\/book-a-bubble.ch\/fr\/","logo":{"@type":"ImageObject","inLanguage":"fr-FR","@id":"https:\/\/book-a-bubble.ch\/fr\/#\/schema\/logo\/image\/","url":"https:\/\/book-a-bubble.ch\/wp-content\/uploads\/2022\/08\/Logo_Footer-e1659340173764.png","contentUrl":"https:\/\/book-a-bubble.ch\/wp-content\/uploads\/2022\/08\/Logo_Footer-e1659340173764.png","width":453,"height":107,"caption":"Book overnight stay in Bubble Tent - Book a Bubble"},"image":{"@id":"https:\/\/book-a-bubble.ch\/fr\/#\/schema\/logo\/image\/"},"sameAs":["https:\/\/www.instagram.com\/bubble.tent.deutschland\/?hl=de"]}]}},"_links":{"self":[{"href":"https:\/\/book-a-bubble.ch\/fr\/wp-json\/wp\/v2\/pages\/118617","targetHints":{"allow":["GET"]}}],"collection":[{"href":"https:\/\/book-a-bubble.ch\/fr\/wp-json\/wp\/v2\/pages"}],"about":[{"href":"https:\/\/book-a-bubble.ch\/fr\/wp-json\/wp\/v2\/types\/page"}],"author":[{"embeddable":true,"href":"https:\/\/book-a-bubble.ch\/fr\/wp-json\/wp\/v2\/users\/1"}],"replies":[{"embeddable":true,"href":"https:\/\/book-a-bubble.ch\/fr\/wp-json\/wp\/v2\/comments?post=118617"}],"version-history":[{"count":2,"href":"https:\/\/book-a-bubble.ch\/fr\/wp-json\/wp\/v2\/pages\/118617\/revisions"}],"predecessor-version":[{"id":233424,"href":"https:\/\/book-a-bubble.ch\/fr\/wp-json\/wp\/v2\/pages\/118617\/revisions\/233424"}],"wp:attachment":[{"href":"https:\/\/book-a-bubble.ch\/fr\/wp-json\/wp\/v2\/media?parent=118617"}],"curies":[{"name":"wp","href":"https:\/\/api.w.org\/{rel}","templated":true}]}}