

{"id":118638,"date":"2022-06-17T19:10:46","date_gmt":"2022-06-17T19:10:46","guid":{"rendered":"https:\/\/book-a-bubble.ch\/panier-dachat\/"},"modified":"2025-05-09T15:32:32","modified_gmt":"2025-05-09T15:32:32","slug":"panier-dachat","status":"publish","type":"page","link":"https:\/\/book-a-bubble.ch\/fr\/panier-dachat\/","title":{"rendered":"Panier d&#8217;achat"},"content":{"rendered":"<div class=\"woocommerce\"><div class=\"woocommerce-notices-wrapper\"><\/div><div class=\"wc-empty-cart-message\">\n\t<div class=\"cart-empty woocommerce-info\" role=\"status\">\n\t\tVotre panier est actuellement vide.\t<\/div>\n<\/div>\t<p class=\"return-to-shop\">\n\t\t<a class=\"button wc-backward\" href=\"https:\/\/book-a-bubble.ch\/fr\/\">\n\t\t\tRetour \u00e0 la boutique\t\t<\/a>\n\t<\/p>\n<\/div>\n","protected":false},"excerpt":{"rendered":"","protected":false},"author":1,"featured_media":0,"parent":0,"menu_order":0,"comment_status":"closed","ping_status":"closed","template":"","meta":{"_acf_changed":false,"footnotes":""},"class_list":["post-118638","page","type-page","status-publish","hentry"],"acf":[],"yoast_head":"<!-- This site is optimized with the Yoast SEO Premium plugin v26.0 (Yoast SEO v27.4) - https:\/\/yoast.com\/product\/yoast-seo-premium-wordpress\/ -->\n<title>Panier d\u2019achat \u2013 V\u00e9rifie ton s\u00e9jour<\/title>\n<meta name=\"description\" content=\"Tout est pr\u00eat pour ton exp\u00e9rience : un dernier coup d&#039;\u0153il avant le paiement.\" \/>\n<meta name=\"robots\" content=\"index, follow, max-snippet:-1, max-image-preview:large, max-video-preview:-1\" \/>\n<meta property=\"og:locale\" content=\"fr_FR\" \/>\n<meta property=\"og:type\" content=\"article\" \/>\n<meta property=\"og:title\" content=\"Panier d&#8217;achat\" \/>\n<meta property=\"og:description\" content=\"Tout est pr\u00eat pour ton exp\u00e9rience : un dernier coup d&#039;\u0153il avant le paiement.\" \/>\n<meta property=\"og:url\" content=\"https:\/\/book-a-bubble.ch\/fr\/panier-dachat\/\" \/>\n<meta property=\"og:site_name\" content=\"Book a Bubble\" \/>\n<meta property=\"article:modified_time\" content=\"2025-05-09T15:32:32+00:00\" \/>\n<meta name=\"twitter:card\" content=\"summary_large_image\" \/>\n<script type=\"application\/ld+json\" class=\"yoast-schema-graph\">{\"@context\":\"https:\\\/\\\/schema.org\",\"@graph\":[{\"@type\":\"WebPage\",\"@id\":\"https:\\\/\\\/book-a-bubble.ch\\\/fr\\\/panier-dachat\\\/\",\"url\":\"https:\\\/\\\/book-a-bubble.ch\\\/fr\\\/panier-dachat\\\/\",\"name\":\"Panier d\u2019achat \u2013 V\u00e9rifie ton s\u00e9jour\",\"isPartOf\":{\"@id\":\"https:\\\/\\\/book-a-bubble.ch\\\/fr\\\/#website\"},\"datePublished\":\"2022-06-17T19:10:46+00:00\",\"dateModified\":\"2025-05-09T15:32:32+00:00\",\"description\":\"Tout est pr\u00eat pour ton exp\u00e9rience : un dernier coup d'\u0153il avant le paiement.\",\"breadcrumb\":{\"@id\":\"https:\\\/\\\/book-a-bubble.ch\\\/fr\\\/panier-dachat\\\/#breadcrumb\"},\"inLanguage\":\"fr-FR\",\"potentialAction\":[{\"@type\":\"ReadAction\",\"target\":[\"https:\\\/\\\/book-a-bubble.ch\\\/fr\\\/panier-dachat\\\/\"]}]},{\"@type\":\"BreadcrumbList\",\"@id\":\"https:\\\/\\\/book-a-bubble.ch\\\/fr\\\/panier-dachat\\\/#breadcrumb\",\"itemListElement\":[{\"@type\":\"ListItem\",\"position\":1,\"name\":\"Home\",\"item\":\"https:\\\/\\\/book-a-bubble.ch\\\/fr\\\/\"},{\"@type\":\"ListItem\",\"position\":2,\"name\":\"Panier d&#8217;achat\"}]},{\"@type\":\"WebSite\",\"@id\":\"https:\\\/\\\/book-a-bubble.ch\\\/fr\\\/#website\",\"url\":\"https:\\\/\\\/book-a-bubble.ch\\\/fr\\\/\",\"name\":\"Book a Bubble - Finde dein Bubble Hotel\",\"description\":\"You can book an overnight stay in our Bubble Tent.\",\"publisher\":{\"@id\":\"https:\\\/\\\/book-a-bubble.ch\\\/fr\\\/#organization\"},\"potentialAction\":[{\"@type\":\"SearchAction\",\"target\":{\"@type\":\"EntryPoint\",\"urlTemplate\":\"https:\\\/\\\/book-a-bubble.ch\\\/fr\\\/?s={search_term_string}\"},\"query-input\":{\"@type\":\"PropertyValueSpecification\",\"valueRequired\":true,\"valueName\":\"search_term_string\"}}],\"inLanguage\":\"fr-FR\"},{\"@type\":\"Organization\",\"@id\":\"https:\\\/\\\/book-a-bubble.ch\\\/fr\\\/#organization\",\"name\":\"Book overnight stay in Bubble Tent - Book a Bubble\",\"url\":\"https:\\\/\\\/book-a-bubble.ch\\\/fr\\\/\",\"logo\":{\"@type\":\"ImageObject\",\"inLanguage\":\"fr-FR\",\"@id\":\"https:\\\/\\\/book-a-bubble.ch\\\/fr\\\/#\\\/schema\\\/logo\\\/image\\\/\",\"url\":\"https:\\\/\\\/book-a-bubble.ch\\\/wp-content\\\/uploads\\\/2022\\\/08\\\/Logo_Footer-e1659340173764.png\",\"contentUrl\":\"https:\\\/\\\/book-a-bubble.ch\\\/wp-content\\\/uploads\\\/2022\\\/08\\\/Logo_Footer-e1659340173764.png\",\"width\":453,\"height\":107,\"caption\":\"Book overnight stay in Bubble Tent - Book a Bubble\"},\"image\":{\"@id\":\"https:\\\/\\\/book-a-bubble.ch\\\/fr\\\/#\\\/schema\\\/logo\\\/image\\\/\"},\"sameAs\":[\"https:\\\/\\\/www.instagram.com\\\/bubble.tent.deutschland\\\/?hl=de\"]}]}<\/script>\n<!-- \/ Yoast SEO Premium plugin. -->","yoast_head_json":{"title":"Panier d\u2019achat \u2013 V\u00e9rifie ton s\u00e9jour","description":"Tout est pr\u00eat pour ton exp\u00e9rience : un dernier coup d'\u0153il avant le paiement.","robots":{"index":"index","follow":"follow","max-snippet":"max-snippet:-1","max-image-preview":"max-image-preview:large","max-video-preview":"max-video-preview:-1"},"og_locale":"fr_FR","og_type":"article","og_title":"Panier d&#8217;achat","og_description":"Tout est pr\u00eat pour ton exp\u00e9rience : un dernier coup d'\u0153il avant le paiement.","og_url":"https:\/\/book-a-bubble.ch\/fr\/panier-dachat\/","og_site_name":"Book a Bubble","article_modified_time":"2025-05-09T15:32:32+00:00","twitter_card":"summary_large_image","schema":{"@context":"https:\/\/schema.org","@graph":[{"@type":"WebPage","@id":"https:\/\/book-a-bubble.ch\/fr\/panier-dachat\/","url":"https:\/\/book-a-bubble.ch\/fr\/panier-dachat\/","name":"Panier d\u2019achat \u2013 V\u00e9rifie ton s\u00e9jour","isPartOf":{"@id":"https:\/\/book-a-bubble.ch\/fr\/#website"},"datePublished":"2022-06-17T19:10:46+00:00","dateModified":"2025-05-09T15:32:32+00:00","description":"Tout est pr\u00eat pour ton exp\u00e9rience : un dernier coup d'\u0153il avant le paiement.","breadcrumb":{"@id":"https:\/\/book-a-bubble.ch\/fr\/panier-dachat\/#breadcrumb"},"inLanguage":"fr-FR","potentialAction":[{"@type":"ReadAction","target":["https:\/\/book-a-bubble.ch\/fr\/panier-dachat\/"]}]},{"@type":"BreadcrumbList","@id":"https:\/\/book-a-bubble.ch\/fr\/panier-dachat\/#breadcrumb","itemListElement":[{"@type":"ListItem","position":1,"name":"Home","item":"https:\/\/book-a-bubble.ch\/fr\/"},{"@type":"ListItem","position":2,"name":"Panier d&#8217;achat"}]},{"@type":"WebSite","@id":"https:\/\/book-a-bubble.ch\/fr\/#website","url":"https:\/\/book-a-bubble.ch\/fr\/","name":"Book a Bubble - Finde dein Bubble Hotel","description":"You can book an overnight stay in our Bubble Tent.","publisher":{"@id":"https:\/\/book-a-bubble.ch\/fr\/#organization"},"potentialAction":[{"@type":"SearchAction","target":{"@type":"EntryPoint","urlTemplate":"https:\/\/book-a-bubble.ch\/fr\/?s={search_term_string}"},"query-input":{"@type":"PropertyValueSpecification","valueRequired":true,"valueName":"search_term_string"}}],"inLanguage":"fr-FR"},{"@type":"Organization","@id":"https:\/\/book-a-bubble.ch\/fr\/#organization","name":"Book overnight stay in Bubble Tent - Book a Bubble","url":"https:\/\/book-a-bubble.ch\/fr\/","logo":{"@type":"ImageObject","inLanguage":"fr-FR","@id":"https:\/\/book-a-bubble.ch\/fr\/#\/schema\/logo\/image\/","url":"https:\/\/book-a-bubble.ch\/wp-content\/uploads\/2022\/08\/Logo_Footer-e1659340173764.png","contentUrl":"https:\/\/book-a-bubble.ch\/wp-content\/uploads\/2022\/08\/Logo_Footer-e1659340173764.png","width":453,"height":107,"caption":"Book overnight stay in Bubble Tent - Book a Bubble"},"image":{"@id":"https:\/\/book-a-bubble.ch\/fr\/#\/schema\/logo\/image\/"},"sameAs":["https:\/\/www.instagram.com\/bubble.tent.deutschland\/?hl=de"]}]}},"_links":{"self":[{"href":"https:\/\/book-a-bubble.ch\/fr\/wp-json\/wp\/v2\/pages\/118638","targetHints":{"allow":["GET"]}}],"collection":[{"href":"https:\/\/book-a-bubble.ch\/fr\/wp-json\/wp\/v2\/pages"}],"about":[{"href":"https:\/\/book-a-bubble.ch\/fr\/wp-json\/wp\/v2\/types\/page"}],"author":[{"embeddable":true,"href":"https:\/\/book-a-bubble.ch\/fr\/wp-json\/wp\/v2\/users\/1"}],"replies":[{"embeddable":true,"href":"https:\/\/book-a-bubble.ch\/fr\/wp-json\/wp\/v2\/comments?post=118638"}],"version-history":[{"count":0,"href":"https:\/\/book-a-bubble.ch\/fr\/wp-json\/wp\/v2\/pages\/118638\/revisions"}],"wp:attachment":[{"href":"https:\/\/book-a-bubble.ch\/fr\/wp-json\/wp\/v2\/media?parent=118638"}],"curies":[{"name":"wp","href":"https:\/\/api.w.org\/{rel}","templated":true}]}}