

{"id":118640,"date":"2023-02-12T17:33:15","date_gmt":"2023-02-12T17:33:15","guid":{"rendered":"https:\/\/book-a-bubble.ch\/revocation\/"},"modified":"2025-05-09T15:32:35","modified_gmt":"2025-05-09T15:32:35","slug":"revocation","status":"publish","type":"page","link":"https:\/\/book-a-bubble.ch\/fr\/revocation\/","title":{"rendered":"R\u00e9vocation"},"content":{"rendered":"\t\t<div data-elementor-type=\"wp-page\" data-elementor-id=\"118640\" class=\"elementor elementor-118640 elementor-7416\" data-elementor-post-type=\"page\">\n\t\t\t\t\t\t<section class=\"elementor-section elementor-top-section elementor-element elementor-element-4ead218 elementor-section-height-min-height elementor-section-boxed elementor-section-height-default elementor-section-items-middle\" data-id=\"4ead218\" data-element_type=\"section\" data-e-type=\"section\" data-settings=\"{&quot;background_background&quot;:&quot;classic&quot;}\">\n\t\t\t\t\t\t\t<div class=\"elementor-background-overlay\"><\/div>\n\t\t\t\t\t\t\t<div class=\"elementor-container elementor-column-gap-default\">\n\t\t\t\t\t<div class=\"elementor-column elementor-col-100 elementor-top-column elementor-element elementor-element-dd8fa32\" data-id=\"dd8fa32\" data-element_type=\"column\" data-e-type=\"column\">\n\t\t\t<div class=\"elementor-widget-wrap elementor-element-populated\">\n\t\t\t\t\t\t\t<\/div>\n\t\t<\/div>\n\t\t\t\t\t<\/div>\n\t\t<\/section>\n\t\t\t\t<section class=\"elementor-section elementor-top-section elementor-element elementor-element-1028128e elementor-section-boxed elementor-section-height-default elementor-section-height-default\" data-id=\"1028128e\" data-element_type=\"section\" data-e-type=\"section\">\n\t\t\t\t\t\t<div class=\"elementor-container elementor-column-gap-default\">\n\t\t\t\t\t<div class=\"elementor-column elementor-col-100 elementor-top-column elementor-element elementor-element-71239d27\" data-id=\"71239d27\" data-element_type=\"column\" data-e-type=\"column\">\n\t\t\t<div class=\"elementor-widget-wrap elementor-element-populated\">\n\t\t\t\t\t\t<div class=\"elementor-element elementor-element-794666c elementor-widget elementor-widget-heading\" data-id=\"794666c\" data-element_type=\"widget\" data-e-type=\"widget\" data-widget_type=\"heading.default\">\n\t\t\t\t<div class=\"elementor-widget-container\">\n\t\t\t\t\t<h3 class=\"elementor-heading-title elementor-size-default\">Information sur le droit de r\u00e9tractation pour les consommateurs<\/h3>\t\t\t\t<\/div>\n\t\t\t\t<\/div>\n\t\t\t\t<div class=\"elementor-element elementor-element-146af88 elementor-widget elementor-widget-spacer\" data-id=\"146af88\" data-element_type=\"widget\" data-e-type=\"widget\" data-widget_type=\"spacer.default\">\n\t\t\t\t<div class=\"elementor-widget-container\">\n\t\t\t\t\t\t\t<div class=\"elementor-spacer\">\n\t\t\t<div class=\"elementor-spacer-inner\"><\/div>\n\t\t<\/div>\n\t\t\t\t\t\t<\/div>\n\t\t\t\t<\/div>\n\t\t\t\t<div class=\"elementor-element elementor-element-ed63457 elementor-widget elementor-widget-heading\" data-id=\"ed63457\" data-element_type=\"widget\" data-e-type=\"widget\" data-widget_type=\"heading.default\">\n\t\t\t\t<div class=\"elementor-widget-container\">\n\t\t\t\t\t<h3 class=\"elementor-heading-title elementor-size-default\">I. Droit de r\u00e9tractation<\/h3>\t\t\t\t<\/div>\n\t\t\t\t<\/div>\n\t\t\t\t<div class=\"elementor-element elementor-element-ae5333c elementor-widget elementor-widget-text-editor\" data-id=\"ae5333c\" data-element_type=\"widget\" data-e-type=\"widget\" data-widget_type=\"text-editor.default\">\n\t\t\t\t<div class=\"elementor-widget-container\">\n\t\t\t\t\t\t\t\t\t<ul>\n<li>Vous avez le droit de vous r\u00e9tracter du pr\u00e9sent contrat dans un d\u00e9lai de quatorze jours sans donner de motif.<\/li>\n<li>Pour les marchandises, le d\u00e9lai de r\u00e9tractation est de quatorze jours \u00e0 compter du jour o\u00f9 vous, ou un tiers autre que le transporteur et d\u00e9sign\u00e9 par vous, prenez ou a pris possession des marchandises.<\/li>\n<li>Pour les services, le d\u00e9lai de r\u00e9tractation est de quatorze jours \u00e0 compter du jour de la conclusion du contrat.<\/li>\n<li>Pour exercer votre droit de r\u00e9tractation, vous devez nous contacter (Bubble Tent Deutschland FM UG (Haftungsbeschr\u00e4nkt), Eschenauer Str. 10, 90411 N\u00fcrnberg, Allemagne, <a style=\"font-size: 16px;\" href=\"mailto:test@test.de\">info@bubble-tent.net<\/a><span style=\"font-size: 16px;\">Si vous d\u00e9cidez de vous r\u00e9tracter du pr\u00e9sent contrat, vous devez nous en informer au moyen d&#8217;une d\u00e9claration claire (par exemple, une lettre envoy\u00e9e par la poste ou un e-mail), \u00e0 l&#8217;adresse suivante : +49(0)7803 926 74 87. Vous pouvez utiliser \u00e0 cet effet le mod\u00e8le de formulaire de r\u00e9tractation ci-joint, qui n&#8217;est toutefois pas obligatoire.<\/span><\/li>\n<li>Pour que le d\u00e9lai de r\u00e9tractation soit respect\u00e9, il suffit que vous envoyiez la communication relative \u00e0 l&#8217;exercice du droit de r\u00e9tractation avant l&#8217;expiration du d\u00e9lai de r\u00e9tractation.<\/li>\n<\/ul>\n\t\t\t\t\t\t\t\t<\/div>\n\t\t\t\t<\/div>\n\t\t\t\t<div class=\"elementor-element elementor-element-bf416d6 elementor-widget elementor-widget-spacer\" data-id=\"bf416d6\" data-element_type=\"widget\" data-e-type=\"widget\" data-widget_type=\"spacer.default\">\n\t\t\t\t<div class=\"elementor-widget-container\">\n\t\t\t\t\t\t\t<div class=\"elementor-spacer\">\n\t\t\t<div class=\"elementor-spacer-inner\"><\/div>\n\t\t<\/div>\n\t\t\t\t\t\t<\/div>\n\t\t\t\t<\/div>\n\t\t\t\t<div class=\"elementor-element elementor-element-304d9a3 elementor-widget elementor-widget-heading\" data-id=\"304d9a3\" data-element_type=\"widget\" data-e-type=\"widget\" data-widget_type=\"heading.default\">\n\t\t\t\t<div class=\"elementor-widget-container\">\n\t\t\t\t\t<h3 class=\"elementor-heading-title elementor-size-default\">II Cons\u00e9quences de la r\u00e9tractation<\/h3>\t\t\t\t<\/div>\n\t\t\t\t<\/div>\n\t\t\t\t<div class=\"elementor-element elementor-element-4f2d813 elementor-widget elementor-widget-spacer\" data-id=\"4f2d813\" data-element_type=\"widget\" data-e-type=\"widget\" data-widget_type=\"spacer.default\">\n\t\t\t\t<div class=\"elementor-widget-container\">\n\t\t\t\t\t\t\t<div class=\"elementor-spacer\">\n\t\t\t<div class=\"elementor-spacer-inner\"><\/div>\n\t\t<\/div>\n\t\t\t\t\t\t<\/div>\n\t\t\t\t<\/div>\n\t\t\t\t<div class=\"elementor-element elementor-element-d7ab290 elementor-widget elementor-widget-heading\" data-id=\"d7ab290\" data-element_type=\"widget\" data-e-type=\"widget\" data-widget_type=\"heading.default\">\n\t\t\t\t<div class=\"elementor-widget-container\">\n\t\t\t\t\t<h4 class=\"elementor-heading-title elementor-size-default\">1. Marchandises<\/h4>\t\t\t\t<\/div>\n\t\t\t\t<\/div>\n\t\t\t\t<div class=\"elementor-element elementor-element-2b2488f elementor-widget elementor-widget-text-editor\" data-id=\"2b2488f\" data-element_type=\"widget\" data-e-type=\"widget\" data-widget_type=\"text-editor.default\">\n\t\t\t\t<div class=\"elementor-widget-container\">\n\t\t\t\t\t\t\t\t\t<p>En cas de r\u00e9tractation du pr\u00e9sent contrat, nous vous rembourserons tous les paiements re\u00e7us de votre part, y compris les frais de livraison (\u00e0 l&#8217;exception des frais suppl\u00e9mentaires d\u00e9coulant du fait que vous avez choisi un mode de livraison autre que le mode moins co\u00fbteux de livraison standard propos\u00e9 par nous), sans retard excessif et au plus tard quatorze jours \u00e0 compter de la date \u00e0 laquelle nous aurons \u00e9t\u00e9 inform\u00e9s de votre d\u00e9cision de r\u00e9tractation du pr\u00e9sent contrat. Pour ce remboursement, nous utilisons le m\u00eame moyen de paiement que celui que vous avez utilis\u00e9 pour la transaction initiale, sauf accord expr\u00e8s contraire avec vous ; en aucun cas, des frais ne vous seront factur\u00e9s pour ce remboursement.  <span style=\"font-size: inherit;\">Nous pouvons refuser le remboursement jusqu&#8217;\u00e0 ce que nous ayons r\u00e9cup\u00e9r\u00e9 les marchandises ou jusqu&#8217;\u00e0 ce que vous ayez fourni la preuve que vous avez renvoy\u00e9 les marchandises, la date retenue \u00e9tant la plus proche.<\/span><\/p>\n<p><span style=\"font-size: inherit;\">Vous devez nous renvoyer ou nous remettre les biens sans retard excessif et, en tout \u00e9tat de cause, au plus tard quatorze jours \u00e0 compter du jour o\u00f9 vous nous informez de votre d\u00e9cision de r\u00e9tractation du pr\u00e9sent contrat. Le d\u00e9lai est respect\u00e9 si vous renvoyez les marchandises avant l&#8217;expiration du d\u00e9lai de quatorze jours. Les frais directs de renvoi des marchandises sont \u00e0 votre charge. Vous n&#8217;\u00eates tenu d&#8217;assumer la responsabilit\u00e9 d&#8217;une \u00e9ventuelle d\u00e9pr\u00e9ciation des biens que si cette d\u00e9pr\u00e9ciation est due \u00e0 une manipulation des biens qui n&#8217;est pas n\u00e9cessaire pour en v\u00e9rifier la nature, les caract\u00e9ristiques et le fonctionnement.<\/span><\/p>\n\t\t\t\t\t\t\t\t<\/div>\n\t\t\t\t<\/div>\n\t\t\t\t<div class=\"elementor-element elementor-element-9ed5deb elementor-widget elementor-widget-heading\" data-id=\"9ed5deb\" data-element_type=\"widget\" data-e-type=\"widget\" data-widget_type=\"heading.default\">\n\t\t\t\t<div class=\"elementor-widget-container\">\n\t\t\t\t\t<h4 class=\"elementor-heading-title elementor-size-default\">2. Services<\/h4>\t\t\t\t<\/div>\n\t\t\t\t<\/div>\n\t\t\t\t<div class=\"elementor-element elementor-element-0dbec6b elementor-widget elementor-widget-text-editor\" data-id=\"0dbec6b\" data-element_type=\"widget\" data-e-type=\"widget\" data-widget_type=\"text-editor.default\">\n\t\t\t\t<div class=\"elementor-widget-container\">\n\t\t\t\t\t\t\t\t\t<p>En cas de r\u00e9tractation du pr\u00e9sent contrat, nous vous rembourserons tous les paiements re\u00e7us de votre part, y compris les frais de livraison (\u00e0 l&#8217;exception des frais suppl\u00e9mentaires d\u00e9coulant du fait que vous avez choisi un mode de livraison autre que le mode moins co\u00fbteux de livraison standard propos\u00e9 par nous), sans retard excessif et au plus tard quatorze jours \u00e0 compter de la date \u00e0 laquelle nous aurons \u00e9t\u00e9 inform\u00e9s de votre d\u00e9cision de r\u00e9tractation du pr\u00e9sent contrat. Pour ce remboursement, nous utilisons le m\u00eame moyen de paiement que celui que vous avez utilis\u00e9 pour la transaction initiale, sauf accord expr\u00e8s contraire avec vous ; en aucun cas, des frais ne vous seront factur\u00e9s pour ce remboursement.<\/p>\n<p>Si vous avez demand\u00e9 que les services commencent pendant le d\u00e9lai de r\u00e9tractation, vous devez nous payer un montant raisonnable correspondant \u00e0 la part des services d\u00e9j\u00e0 fournis au moment o\u00f9 vous nous informez de l&#8217;exercice du droit de r\u00e9tractation concernant le pr\u00e9sent contrat par rapport \u00e0 l&#8217;ensemble des services pr\u00e9vus dans le contrat.<\/p>\n\t\t\t\t\t\t\t\t<\/div>\n\t\t\t\t<\/div>\n\t\t\t\t<div class=\"elementor-element elementor-element-817e2df elementor-widget elementor-widget-spacer\" data-id=\"817e2df\" data-element_type=\"widget\" data-e-type=\"widget\" data-widget_type=\"spacer.default\">\n\t\t\t\t<div class=\"elementor-widget-container\">\n\t\t\t\t\t\t\t<div class=\"elementor-spacer\">\n\t\t\t<div class=\"elementor-spacer-inner\"><\/div>\n\t\t<\/div>\n\t\t\t\t\t\t<\/div>\n\t\t\t\t<\/div>\n\t\t\t\t<div class=\"elementor-element elementor-element-3cda2f9 elementor-widget__width-initial elementor-widget elementor-widget-heading\" data-id=\"3cda2f9\" data-element_type=\"widget\" data-e-type=\"widget\" data-widget_type=\"heading.default\">\n\t\t\t\t<div class=\"elementor-widget-container\">\n\t\t\t\t\t<h3 class=\"elementor-heading-title elementor-size-default\">III. Exclusion ou extinction anticip\u00e9e du droit de r\u00e9tractation<\/h3>\t\t\t\t<\/div>\n\t\t\t\t<\/div>\n\t\t\t\t<div class=\"elementor-element elementor-element-f9049df elementor-widget elementor-widget-text-editor\" data-id=\"f9049df\" data-element_type=\"widget\" data-e-type=\"widget\" data-widget_type=\"text-editor.default\">\n\t\t\t\t<div class=\"elementor-widget-container\">\n\t\t\t\t\t\t\t\t\t<ul>\n<li>Le droit de r\u00e9tractation ne s&#8217;applique pas aux contrats de fourniture de biens qui ne sont pas pr\u00e9fabriqu\u00e9s et pour la fabrication desquels le choix ou la d\u00e9termination individuels du consommateur sont d\u00e9terminants ou qui sont clairement adapt\u00e9s aux besoins personnels du consommateur.<\/li>\n<li>Le droit de r\u00e9tractation ne s&#8217;applique pas aux contrats de fourniture de services d&#8217;h\u00e9bergement non r\u00e9sidentiel, de transport de marchandises, de location de v\u00e9hicules, de fourniture de nourriture et de boissons, ainsi qu&#8217;\u00e0 la fourniture d&#8217;autres services li\u00e9s aux activit\u00e9s de loisirs, si le contrat pr\u00e9voit une date ou une p\u00e9riode sp\u00e9cifique pour la fourniture de ces services.<\/li>\n<li>Le droit de r\u00e9tractation expire pr\u00e9matur\u00e9ment si nous n&#8217;avons commenc\u00e9 l&#8217;ex\u00e9cution du contrat qu&#8217;apr\u00e8s avoir obtenu votre consentement expr\u00e8s \u00e0 cet effet et confirm\u00e9 en m\u00eame temps que vous aviez connaissance du fait que vous perdiez votre droit de r\u00e9tractation d\u00e8s le d\u00e9but de l&#8217;ex\u00e9cution du contrat de notre part, et si nous avons mis \u00e0 votre disposition le contenu de votre d\u00e9claration sur un support de donn\u00e9es durable dans un d\u00e9lai raisonnable apr\u00e8s la conclusion du contrat, mais au plus tard lors de la livraison de la marchandise ou avant le d\u00e9but de l&#8217;ex\u00e9cution de la prestation de services. Nous attirons votre attention sur le fait que nous pouvons faire d\u00e9pendre la conclusion du contrat de l&#8217;accord et de la confirmation susmentionn\u00e9s.<\/li>\n<li>Le droit de r\u00e9tractation s&#8217;\u00e9teint pr\u00e9matur\u00e9ment si nous n&#8217;avons commenc\u00e9 \u00e0 ex\u00e9cuter le contrat qu&#8217;apr\u00e8s que vous ayez donn\u00e9 votre accord expr\u00e8s \u00e0 cet effet et confirm\u00e9 en m\u00eame temps que vous aviez connaissance du fait que vous perdiez votre droit de r\u00e9tractation d\u00e8s le d\u00e9but de l&#8217;ex\u00e9cution du contrat de notre part. Nous attirons votre attention sur le fait que nous pouvons faire d\u00e9pendre la conclusion du contrat de l&#8217;accord et de la confirmation susmentionn\u00e9s.<\/li>\n<li>Le droit de r\u00e9tractation ne s&#8217;applique pas aux contrats de fourniture de services d&#8217;h\u00e9bergement non r\u00e9sidentiel, de transport de marchandises, de location de v\u00e9hicules, de fourniture de nourriture et de boissons, ainsi qu&#8217;\u00e0 la fourniture d&#8217;autres services li\u00e9s aux activit\u00e9s de loisirs, si le contrat pr\u00e9voit une date ou une p\u00e9riode sp\u00e9cifique pour la fourniture de ces services.<\/li>\n<\/ul>\n\t\t\t\t\t\t\t\t<\/div>\n\t\t\t\t<\/div>\n\t\t\t\t<div class=\"elementor-element elementor-element-36e1a46 elementor-widget elementor-widget-spacer\" data-id=\"36e1a46\" data-element_type=\"widget\" data-e-type=\"widget\" data-widget_type=\"spacer.default\">\n\t\t\t\t<div class=\"elementor-widget-container\">\n\t\t\t\t\t\t\t<div class=\"elementor-spacer\">\n\t\t\t<div class=\"elementor-spacer-inner\"><\/div>\n\t\t<\/div>\n\t\t\t\t\t\t<\/div>\n\t\t\t\t<\/div>\n\t\t\t\t<div class=\"elementor-element elementor-element-68ea0b8 elementor-widget elementor-widget-heading\" data-id=\"68ea0b8\" data-element_type=\"widget\" data-e-type=\"widget\" data-widget_type=\"heading.default\">\n\t\t\t\t<div class=\"elementor-widget-container\">\n\t\t\t\t\t<h3 class=\"elementor-heading-title elementor-size-default\">Mod\u00e8le de formulaire de r\u00e9tractation<\/h3>\t\t\t\t<\/div>\n\t\t\t\t<\/div>\n\t\t\t\t<div class=\"elementor-element elementor-element-72254ce elementor-widget elementor-widget-text-editor\" data-id=\"72254ce\" data-element_type=\"widget\" data-e-type=\"widget\" data-widget_type=\"text-editor.default\">\n\t\t\t\t<div class=\"elementor-widget-container\">\n\t\t\t\t\t\t\t\t\t<p>(Si vous souhaitez vous r\u00e9tracter, veuillez remplir et renvoyer ce formulaire).<br \/>\u00c0 l&#8217;adresse<br \/>Bubble Tent Deutschland FM UG (haftungsbeschr\u00e4nkt), Eschenauer Str. 10, 90411 N\u00fcrnberg, adresse \u00e9lectronique : info@bubble-tent.net<br \/>Par la pr\u00e9sente, je r\u00e9voque\/nous r\u00e9voquons () le contrat que j&#8217;ai\/nous avons conclu () concernant le<br \/>Achat des biens suivants ()\/fourniture du service suivant ()<br \/>Command\u00e9 le () ____________ \/ re\u00e7u le ()<br \/>_________________<br \/>Nom du\/des consommateur(s)<br \/>Adresse du\/des consommateur(s)<br \/>______________________________<br \/>Signature du\/des consommateur(s) (uniquement en cas de communication sur papier)<\/p>\n<p>Date<\/p>\n<p>(*) Biffer la mention inutile.<\/p>\n\t\t\t\t\t\t\t\t<\/div>\n\t\t\t\t<\/div>\n\t\t\t\t\t<\/div>\n\t\t<\/div>\n\t\t\t\t\t<\/div>\n\t\t<\/section>\n\t\t\t\t<\/div>\n\t\t","protected":false},"excerpt":{"rendered":"<p>Information sur le droit de r\u00e9tractation pour les consommateurs I. Droit de r\u00e9tractation Vous avez le droit de vous r\u00e9tracter du pr\u00e9sent contrat dans un d\u00e9lai de quatorze jours sans donner de motif. Pour les marchandises, le d\u00e9lai de r\u00e9tractation est de quatorze jours \u00e0 compter du jour o\u00f9 vous, ou un tiers autre que [&hellip;]<\/p>\n","protected":false},"author":1,"featured_media":0,"parent":0,"menu_order":0,"comment_status":"closed","ping_status":"closed","template":"elementor_header_footer","meta":{"_acf_changed":false,"footnotes":""},"class_list":["post-118640","page","type-page","status-publish","hentry"],"acf":[],"yoast_head":"<!-- This site is optimized with the Yoast SEO Premium plugin v26.0 (Yoast SEO v27.4) - https:\/\/yoast.com\/product\/yoast-seo-premium-wordpress\/ -->\n<title>R\u00e9vocation \u2013 Tu as chang\u00e9 d\u2019avis ?<\/title>\n<meta name=\"description\" content=\"D\u00e9couvre comment annuler ta commande selon nos conditions.\" \/>\n<meta name=\"robots\" content=\"index, follow, max-snippet:-1, max-image-preview:large, max-video-preview:-1\" \/>\n<meta property=\"og:locale\" content=\"fr_FR\" \/>\n<meta property=\"og:type\" content=\"article\" \/>\n<meta property=\"og:title\" content=\"R\u00e9vocation\" \/>\n<meta property=\"og:description\" content=\"D\u00e9couvre comment annuler ta commande selon nos conditions.\" \/>\n<meta property=\"og:url\" content=\"https:\/\/book-a-bubble.ch\/fr\/revocation\/\" \/>\n<meta property=\"og:site_name\" content=\"Book a Bubble\" \/>\n<meta property=\"article:modified_time\" content=\"2025-05-09T15:32:35+00:00\" \/>\n<meta name=\"twitter:card\" content=\"summary_large_image\" \/>\n<meta name=\"twitter:label1\" content=\"Dur\u00e9e de lecture estim\u00e9e\" \/>\n\t<meta name=\"twitter:data1\" content=\"6 minutes\" \/>\n<script type=\"application\/ld+json\" class=\"yoast-schema-graph\">{\"@context\":\"https:\\\/\\\/schema.org\",\"@graph\":[{\"@type\":\"WebPage\",\"@id\":\"https:\\\/\\\/book-a-bubble.ch\\\/fr\\\/revocation\\\/\",\"url\":\"https:\\\/\\\/book-a-bubble.ch\\\/fr\\\/revocation\\\/\",\"name\":\"R\u00e9vocation \u2013 Tu as chang\u00e9 d\u2019avis ?\",\"isPartOf\":{\"@id\":\"https:\\\/\\\/book-a-bubble.ch\\\/fr\\\/#website\"},\"datePublished\":\"2023-02-12T17:33:15+00:00\",\"dateModified\":\"2025-05-09T15:32:35+00:00\",\"description\":\"D\u00e9couvre comment annuler ta commande selon nos conditions.\",\"breadcrumb\":{\"@id\":\"https:\\\/\\\/book-a-bubble.ch\\\/fr\\\/revocation\\\/#breadcrumb\"},\"inLanguage\":\"fr-FR\",\"potentialAction\":[{\"@type\":\"ReadAction\",\"target\":[\"https:\\\/\\\/book-a-bubble.ch\\\/fr\\\/revocation\\\/\"]}]},{\"@type\":\"BreadcrumbList\",\"@id\":\"https:\\\/\\\/book-a-bubble.ch\\\/fr\\\/revocation\\\/#breadcrumb\",\"itemListElement\":[{\"@type\":\"ListItem\",\"position\":1,\"name\":\"Home\",\"item\":\"https:\\\/\\\/book-a-bubble.ch\\\/fr\\\/\"},{\"@type\":\"ListItem\",\"position\":2,\"name\":\"R\u00e9vocation\"}]},{\"@type\":\"WebSite\",\"@id\":\"https:\\\/\\\/book-a-bubble.ch\\\/fr\\\/#website\",\"url\":\"https:\\\/\\\/book-a-bubble.ch\\\/fr\\\/\",\"name\":\"Book a Bubble - Finde dein Bubble Hotel\",\"description\":\"You can book an overnight stay in our Bubble Tent.\",\"publisher\":{\"@id\":\"https:\\\/\\\/book-a-bubble.ch\\\/fr\\\/#organization\"},\"potentialAction\":[{\"@type\":\"SearchAction\",\"target\":{\"@type\":\"EntryPoint\",\"urlTemplate\":\"https:\\\/\\\/book-a-bubble.ch\\\/fr\\\/?s={search_term_string}\"},\"query-input\":{\"@type\":\"PropertyValueSpecification\",\"valueRequired\":true,\"valueName\":\"search_term_string\"}}],\"inLanguage\":\"fr-FR\"},{\"@type\":\"Organization\",\"@id\":\"https:\\\/\\\/book-a-bubble.ch\\\/fr\\\/#organization\",\"name\":\"Book overnight stay in Bubble Tent - Book a Bubble\",\"url\":\"https:\\\/\\\/book-a-bubble.ch\\\/fr\\\/\",\"logo\":{\"@type\":\"ImageObject\",\"inLanguage\":\"fr-FR\",\"@id\":\"https:\\\/\\\/book-a-bubble.ch\\\/fr\\\/#\\\/schema\\\/logo\\\/image\\\/\",\"url\":\"https:\\\/\\\/book-a-bubble.ch\\\/wp-content\\\/uploads\\\/2022\\\/08\\\/Logo_Footer-e1659340173764.png\",\"contentUrl\":\"https:\\\/\\\/book-a-bubble.ch\\\/wp-content\\\/uploads\\\/2022\\\/08\\\/Logo_Footer-e1659340173764.png\",\"width\":453,\"height\":107,\"caption\":\"Book overnight stay in Bubble Tent - Book a Bubble\"},\"image\":{\"@id\":\"https:\\\/\\\/book-a-bubble.ch\\\/fr\\\/#\\\/schema\\\/logo\\\/image\\\/\"},\"sameAs\":[\"https:\\\/\\\/www.instagram.com\\\/bubble.tent.deutschland\\\/?hl=de\"]}]}<\/script>\n<!-- \/ Yoast SEO Premium plugin. -->","yoast_head_json":{"title":"R\u00e9vocation \u2013 Tu as chang\u00e9 d\u2019avis ?","description":"D\u00e9couvre comment annuler ta commande selon nos conditions.","robots":{"index":"index","follow":"follow","max-snippet":"max-snippet:-1","max-image-preview":"max-image-preview:large","max-video-preview":"max-video-preview:-1"},"og_locale":"fr_FR","og_type":"article","og_title":"R\u00e9vocation","og_description":"D\u00e9couvre comment annuler ta commande selon nos conditions.","og_url":"https:\/\/book-a-bubble.ch\/fr\/revocation\/","og_site_name":"Book a Bubble","article_modified_time":"2025-05-09T15:32:35+00:00","twitter_card":"summary_large_image","twitter_misc":{"Dur\u00e9e de lecture estim\u00e9e":"6 minutes"},"schema":{"@context":"https:\/\/schema.org","@graph":[{"@type":"WebPage","@id":"https:\/\/book-a-bubble.ch\/fr\/revocation\/","url":"https:\/\/book-a-bubble.ch\/fr\/revocation\/","name":"R\u00e9vocation \u2013 Tu as chang\u00e9 d\u2019avis ?","isPartOf":{"@id":"https:\/\/book-a-bubble.ch\/fr\/#website"},"datePublished":"2023-02-12T17:33:15+00:00","dateModified":"2025-05-09T15:32:35+00:00","description":"D\u00e9couvre comment annuler ta commande selon nos conditions.","breadcrumb":{"@id":"https:\/\/book-a-bubble.ch\/fr\/revocation\/#breadcrumb"},"inLanguage":"fr-FR","potentialAction":[{"@type":"ReadAction","target":["https:\/\/book-a-bubble.ch\/fr\/revocation\/"]}]},{"@type":"BreadcrumbList","@id":"https:\/\/book-a-bubble.ch\/fr\/revocation\/#breadcrumb","itemListElement":[{"@type":"ListItem","position":1,"name":"Home","item":"https:\/\/book-a-bubble.ch\/fr\/"},{"@type":"ListItem","position":2,"name":"R\u00e9vocation"}]},{"@type":"WebSite","@id":"https:\/\/book-a-bubble.ch\/fr\/#website","url":"https:\/\/book-a-bubble.ch\/fr\/","name":"Book a Bubble - Finde dein Bubble Hotel","description":"You can book an overnight stay in our Bubble Tent.","publisher":{"@id":"https:\/\/book-a-bubble.ch\/fr\/#organization"},"potentialAction":[{"@type":"SearchAction","target":{"@type":"EntryPoint","urlTemplate":"https:\/\/book-a-bubble.ch\/fr\/?s={search_term_string}"},"query-input":{"@type":"PropertyValueSpecification","valueRequired":true,"valueName":"search_term_string"}}],"inLanguage":"fr-FR"},{"@type":"Organization","@id":"https:\/\/book-a-bubble.ch\/fr\/#organization","name":"Book overnight stay in Bubble Tent - Book a Bubble","url":"https:\/\/book-a-bubble.ch\/fr\/","logo":{"@type":"ImageObject","inLanguage":"fr-FR","@id":"https:\/\/book-a-bubble.ch\/fr\/#\/schema\/logo\/image\/","url":"https:\/\/book-a-bubble.ch\/wp-content\/uploads\/2022\/08\/Logo_Footer-e1659340173764.png","contentUrl":"https:\/\/book-a-bubble.ch\/wp-content\/uploads\/2022\/08\/Logo_Footer-e1659340173764.png","width":453,"height":107,"caption":"Book overnight stay in Bubble Tent - Book a Bubble"},"image":{"@id":"https:\/\/book-a-bubble.ch\/fr\/#\/schema\/logo\/image\/"},"sameAs":["https:\/\/www.instagram.com\/bubble.tent.deutschland\/?hl=de"]}]}},"_links":{"self":[{"href":"https:\/\/book-a-bubble.ch\/fr\/wp-json\/wp\/v2\/pages\/118640","targetHints":{"allow":["GET"]}}],"collection":[{"href":"https:\/\/book-a-bubble.ch\/fr\/wp-json\/wp\/v2\/pages"}],"about":[{"href":"https:\/\/book-a-bubble.ch\/fr\/wp-json\/wp\/v2\/types\/page"}],"author":[{"embeddable":true,"href":"https:\/\/book-a-bubble.ch\/fr\/wp-json\/wp\/v2\/users\/1"}],"replies":[{"embeddable":true,"href":"https:\/\/book-a-bubble.ch\/fr\/wp-json\/wp\/v2\/comments?post=118640"}],"version-history":[{"count":0,"href":"https:\/\/book-a-bubble.ch\/fr\/wp-json\/wp\/v2\/pages\/118640\/revisions"}],"wp:attachment":[{"href":"https:\/\/book-a-bubble.ch\/fr\/wp-json\/wp\/v2\/media?parent=118640"}],"curies":[{"name":"wp","href":"https:\/\/api.w.org\/{rel}","templated":true}]}}