

{"id":118644,"date":"2023-02-12T17:33:17","date_gmt":"2023-02-12T17:33:17","guid":{"rendered":"https:\/\/book-a-bubble.ch\/revocation-pour-le-contenu-numerique\/"},"modified":"2025-05-09T15:32:35","modified_gmt":"2025-05-09T15:32:35","slug":"revocation-pour-le-contenu-numerique","status":"publish","type":"page","link":"https:\/\/book-a-bubble.ch\/fr\/revocation-pour-le-contenu-numerique\/","title":{"rendered":"R\u00e9vocation pour le contenu num\u00e9rique"},"content":{"rendered":"<p><strong>Information sur le droit de r\u00e9tractation pour un contrat de fourniture de contenu num\u00e9rique qui n&#8217;est pas fourni sur un support physique<\/strong><br \/>\n<em>Information sur le droit de r\u00e9tractation<\/em><br \/>\nLe consommateur est toute personne physique qui conclut un acte juridique \u00e0 des fins qui, pour l&#8217;essentiel, ne peuvent \u00eatre imput\u00e9es ni \u00e0 son activit\u00e9 commerciale ni \u00e0 son activit\u00e9 professionnelle ind\u00e9pendante.<\/p>\n<p><em>Droit de r\u00e9tractation<\/em><br \/>\nVous avez le droit de vous r\u00e9tracter du pr\u00e9sent contrat dans un d\u00e9lai de quatorze jours sans donner de motif. Le d\u00e9lai de r\u00e9tractation est de quatorze jours \u00e0 compter de la date de conclusion du contrat. Pour exercer votre droit de r\u00e9tractation, vous devez nous contacter ([ins\u00e9rer : Nom\/soci\u00e9t\u00e9, adresse, num\u00e9ro de t\u00e9l\u00e9phone et adresse e-mail. Vous pouvez \u00e9galement utiliser le code court [woocommerce_fr_disclaimer_address_data] \u00e0 cet effet et enregistrer l&#8217;adresse dans les param\u00e8tres.]) au moyen d&#8217;une d\u00e9claration sans \u00e9quivoque (par exemple, une lettre envoy\u00e9e par la poste, ou un e-mail) vous informant de votre d\u00e9cision de vous r\u00e9tracter du pr\u00e9sent contrat. Vous pouvez utiliser \u00e0 cet effet le mod\u00e8le de formulaire de r\u00e9tractation ci-joint, qui n&#8217;est toutefois pas obligatoire. Pour que le d\u00e9lai de r\u00e9tractation soit respect\u00e9, il suffit que vous envoyiez la communication relative \u00e0 l&#8217;exercice du droit de r\u00e9tractation avant l&#8217;expiration du d\u00e9lai de r\u00e9tractation.<\/p>\n<p><em>Cons\u00e9quences de la r\u00e9vocation<\/em><br \/>\nEn cas de r\u00e9tractation du pr\u00e9sent contrat, nous vous rembourserons tous les paiements re\u00e7us de vous, y compris les frais de livraison (\u00e0 l&#8217;exception des frais suppl\u00e9mentaires d\u00e9coulant du fait que vous avez choisi un mode de livraison autre que le mode de livraison standard le moins cher que nous proposons), sans retard excessif et au plus tard quatorze jours \u00e0 compter de la date \u00e0 laquelle nous avons re\u00e7u la communication de votre d\u00e9cision de r\u00e9tractation du pr\u00e9sent contrat. Pour ce remboursement, nous utilisons le m\u00eame moyen de paiement que celui que vous avez utilis\u00e9 pour la transaction initiale, \u00e0 moins qu&#8217;il n&#8217;en ait \u00e9t\u00e9 express\u00e9ment convenu autrement avec vous ; en aucun cas, des frais ne vous seront factur\u00e9s pour ce remboursement.<\/p>\n<p><em>Mod\u00e8le de formulaire de r\u00e9tractation<\/em><br \/>\n(Si vous souhaitez vous r\u00e9tracter, veuillez remplir et renvoyer ce formulaire).<br \/>\n&#8211; \u00c0 [ins\u00e9rer le texte : Nom\/soci\u00e9t\u00e9, adresse, adresse \u00e9lectronique et, le cas \u00e9ch\u00e9ant, num\u00e9ro de t\u00e9l\u00e9copieur] :<br \/>\n&#8211; Par la pr\u00e9sente, je\/nous (*) r\u00e9voque(ons) le contrat que j&#8217;ai\/nous avons (*) conclu pour l&#8217;achat des marchandises suivantes (*)\/la fourniture du service suivant (*)<br \/>\n&#8211; Command\u00e9 le (*)\/re\u00e7u le (*)<br \/>\n&#8211; Nom du\/des consommateur(s)<br \/>\n&#8211; Adresse du\/des consommateur(s)<br \/>\n&#8211; Signature du\/des consommateur(s) (uniquement en cas de communication sur papier)<br \/>\n&#8211; Date<br \/>\n&#8212;&#8212;&#8212;&#8212;&#8212;&#8212;&#8212;&#8212;&#8212;&#8212;&#8212;&#8212;&#8212;<br \/>\n(*) Biffer la mention inutile.<\/p>\n<p><em>Exclusion ou extinction pr\u00e9matur\u00e9e du droit de r\u00e9tractation<\/em><br \/>\nLe droit de r\u00e9tractation n&#8217;existe pas pour les contrats de fourniture de contenus num\u00e9riques qui ne sont pas pr\u00e9fabriqu\u00e9s et pour la production desquels le choix ou la d\u00e9termination individuels du consommateur sont d\u00e9terminants ou qui sont clairement adapt\u00e9s aux besoins personnels du consommateur.<br \/>\nLe droit de r\u00e9tractation s&#8217;\u00e9teint pr\u00e9matur\u00e9ment si nous n&#8217;avons commenc\u00e9 l&#8217;ex\u00e9cution du contrat qu&#8217;apr\u00e8s que vous avez a) vous avez donn\u00e9 votre consentement expr\u00e8s \u00e0 cet effet et confirm\u00e9 en m\u00eame temps que vous avez connaissance du fait que vous perdez votre droit de r\u00e9tractation d\u00e8s le d\u00e9but de l&#8217;ex\u00e9cution du contrat de notre part ; et b) nous avons mis \u00e0 votre disposition le contenu de votre d\u00e9claration sur un support durable dans un d\u00e9lai raisonnable apr\u00e8s la conclusion du contrat, mais au plus tard lors de la livraison des marchandises ou avant le d\u00e9but de l&#8217;ex\u00e9cution des services. Nous attirons votre attention sur le fait que nous pouvons faire d\u00e9pendre la conclusion du contrat de l&#8217;accord et de la confirmation susmentionn\u00e9s. Le droit de r\u00e9tractation s&#8217;\u00e9teint pr\u00e9matur\u00e9ment si nous n&#8217;avons commenc\u00e9 \u00e0 ex\u00e9cuter le contrat qu&#8217;apr\u00e8s que vous ayez donn\u00e9 votre accord expr\u00e8s \u00e0 cet effet et confirm\u00e9 en m\u00eame temps que vous aviez connaissance du fait que vous perdiez votre droit de r\u00e9tractation d\u00e8s le d\u00e9but de l&#8217;ex\u00e9cution du contrat de notre part. Nous attirons votre attention sur le fait que nous pouvons faire d\u00e9pendre la conclusion du contrat de l&#8217;accord et de la confirmation susmentionn\u00e9s.<\/p>\n","protected":false},"excerpt":{"rendered":"<p>Information sur le droit de r\u00e9tractation pour un contrat de fourniture de contenu num\u00e9rique qui n&#8217;est pas fourni sur un support physique Information sur le droit de r\u00e9tractation Le consommateur est toute personne physique qui conclut un acte juridique \u00e0 des fins qui, pour l&#8217;essentiel, ne peuvent \u00eatre imput\u00e9es ni \u00e0 son activit\u00e9 commerciale ni [&hellip;]<\/p>\n","protected":false},"author":1,"featured_media":0,"parent":0,"menu_order":0,"comment_status":"closed","ping_status":"closed","template":"","meta":{"_acf_changed":false,"footnotes":""},"class_list":["post-118644","page","type-page","status-publish","hentry"],"acf":[],"yoast_head":"<!-- This site is optimized with the Yoast SEO Premium plugin v26.0 (Yoast SEO v26.6) - https:\/\/yoast.com\/wordpress\/plugins\/seo\/ -->\n<title>R\u00e9vocation pour le contenu num\u00e9rique<\/title>\n<meta name=\"description\" content=\"Infos sur les droits de r\u00e9vocation pour les produits d\u00e9mat\u00e9rialis\u00e9s.\" \/>\n<meta name=\"robots\" content=\"index, follow, max-snippet:-1, max-image-preview:large, max-video-preview:-1\" \/>\n<meta property=\"og:locale\" content=\"fr_FR\" \/>\n<meta property=\"og:type\" content=\"article\" \/>\n<meta property=\"og:title\" content=\"R\u00e9vocation pour le contenu num\u00e9rique\" \/>\n<meta property=\"og:description\" content=\"Infos sur les droits de r\u00e9vocation pour les produits d\u00e9mat\u00e9rialis\u00e9s.\" \/>\n<meta property=\"og:url\" content=\"https:\/\/book-a-bubble.ch\/fr\/revocation-pour-le-contenu-numerique\/\" \/>\n<meta property=\"og:site_name\" content=\"Book a Bubble\" \/>\n<meta property=\"article:modified_time\" content=\"2025-05-09T15:32:35+00:00\" \/>\n<meta name=\"twitter:card\" content=\"summary_large_image\" \/>\n<meta name=\"twitter:label1\" content=\"Dur\u00e9e de lecture estim\u00e9e\" \/>\n\t<meta name=\"twitter:data1\" content=\"4 minutes\" \/>\n<script type=\"application\/ld+json\" class=\"yoast-schema-graph\">{\"@context\":\"https:\/\/schema.org\",\"@graph\":[{\"@type\":\"WebPage\",\"@id\":\"https:\/\/book-a-bubble.ch\/fr\/revocation-pour-le-contenu-numerique\/\",\"url\":\"https:\/\/book-a-bubble.ch\/fr\/revocation-pour-le-contenu-numerique\/\",\"name\":\"R\u00e9vocation pour le contenu num\u00e9rique\",\"isPartOf\":{\"@id\":\"https:\/\/book-a-bubble.ch\/fr\/#website\"},\"datePublished\":\"2023-02-12T17:33:17+00:00\",\"dateModified\":\"2025-05-09T15:32:35+00:00\",\"description\":\"Infos sur les droits de r\u00e9vocation pour les produits d\u00e9mat\u00e9rialis\u00e9s.\",\"breadcrumb\":{\"@id\":\"https:\/\/book-a-bubble.ch\/fr\/revocation-pour-le-contenu-numerique\/#breadcrumb\"},\"inLanguage\":\"fr-FR\",\"potentialAction\":[{\"@type\":\"ReadAction\",\"target\":[\"https:\/\/book-a-bubble.ch\/fr\/revocation-pour-le-contenu-numerique\/\"]}]},{\"@type\":\"BreadcrumbList\",\"@id\":\"https:\/\/book-a-bubble.ch\/fr\/revocation-pour-le-contenu-numerique\/#breadcrumb\",\"itemListElement\":[{\"@type\":\"ListItem\",\"position\":1,\"name\":\"Home\",\"item\":\"https:\/\/book-a-bubble.ch\/fr\/\"},{\"@type\":\"ListItem\",\"position\":2,\"name\":\"R\u00e9vocation pour le contenu num\u00e9rique\"}]},{\"@type\":\"WebSite\",\"@id\":\"https:\/\/book-a-bubble.ch\/fr\/#website\",\"url\":\"https:\/\/book-a-bubble.ch\/fr\/\",\"name\":\"Book a Bubble - Finde dein Bubble Hotel\",\"description\":\"You can book an overnight stay in our Bubble Tent.\",\"publisher\":{\"@id\":\"https:\/\/book-a-bubble.ch\/fr\/#organization\"},\"potentialAction\":[{\"@type\":\"SearchAction\",\"target\":{\"@type\":\"EntryPoint\",\"urlTemplate\":\"https:\/\/book-a-bubble.ch\/fr\/?s={search_term_string}\"},\"query-input\":{\"@type\":\"PropertyValueSpecification\",\"valueRequired\":true,\"valueName\":\"search_term_string\"}}],\"inLanguage\":\"fr-FR\"},{\"@type\":\"Organization\",\"@id\":\"https:\/\/book-a-bubble.ch\/fr\/#organization\",\"name\":\"Book overnight stay in Bubble Tent - Book a Bubble\",\"url\":\"https:\/\/book-a-bubble.ch\/fr\/\",\"logo\":{\"@type\":\"ImageObject\",\"inLanguage\":\"fr-FR\",\"@id\":\"https:\/\/book-a-bubble.ch\/fr\/#\/schema\/logo\/image\/\",\"url\":\"https:\/\/book-a-bubble.ch\/wp-content\/uploads\/2022\/08\/Logo_Footer-e1659340173764.png\",\"contentUrl\":\"https:\/\/book-a-bubble.ch\/wp-content\/uploads\/2022\/08\/Logo_Footer-e1659340173764.png\",\"width\":453,\"height\":107,\"caption\":\"Book overnight stay in Bubble Tent - Book a Bubble\"},\"image\":{\"@id\":\"https:\/\/book-a-bubble.ch\/fr\/#\/schema\/logo\/image\/\"},\"sameAs\":[\"https:\/\/www.instagram.com\/bubble.tent.deutschland\/?hl=de\"]}]}<\/script>\n<!-- \/ Yoast SEO Premium plugin. -->","yoast_head_json":{"title":"R\u00e9vocation pour le contenu num\u00e9rique","description":"Infos sur les droits de r\u00e9vocation pour les produits d\u00e9mat\u00e9rialis\u00e9s.","robots":{"index":"index","follow":"follow","max-snippet":"max-snippet:-1","max-image-preview":"max-image-preview:large","max-video-preview":"max-video-preview:-1"},"og_locale":"fr_FR","og_type":"article","og_title":"R\u00e9vocation pour le contenu num\u00e9rique","og_description":"Infos sur les droits de r\u00e9vocation pour les produits d\u00e9mat\u00e9rialis\u00e9s.","og_url":"https:\/\/book-a-bubble.ch\/fr\/revocation-pour-le-contenu-numerique\/","og_site_name":"Book a Bubble","article_modified_time":"2025-05-09T15:32:35+00:00","twitter_card":"summary_large_image","twitter_misc":{"Dur\u00e9e de lecture estim\u00e9e":"4 minutes"},"schema":{"@context":"https:\/\/schema.org","@graph":[{"@type":"WebPage","@id":"https:\/\/book-a-bubble.ch\/fr\/revocation-pour-le-contenu-numerique\/","url":"https:\/\/book-a-bubble.ch\/fr\/revocation-pour-le-contenu-numerique\/","name":"R\u00e9vocation pour le contenu num\u00e9rique","isPartOf":{"@id":"https:\/\/book-a-bubble.ch\/fr\/#website"},"datePublished":"2023-02-12T17:33:17+00:00","dateModified":"2025-05-09T15:32:35+00:00","description":"Infos sur les droits de r\u00e9vocation pour les produits d\u00e9mat\u00e9rialis\u00e9s.","breadcrumb":{"@id":"https:\/\/book-a-bubble.ch\/fr\/revocation-pour-le-contenu-numerique\/#breadcrumb"},"inLanguage":"fr-FR","potentialAction":[{"@type":"ReadAction","target":["https:\/\/book-a-bubble.ch\/fr\/revocation-pour-le-contenu-numerique\/"]}]},{"@type":"BreadcrumbList","@id":"https:\/\/book-a-bubble.ch\/fr\/revocation-pour-le-contenu-numerique\/#breadcrumb","itemListElement":[{"@type":"ListItem","position":1,"name":"Home","item":"https:\/\/book-a-bubble.ch\/fr\/"},{"@type":"ListItem","position":2,"name":"R\u00e9vocation pour le contenu num\u00e9rique"}]},{"@type":"WebSite","@id":"https:\/\/book-a-bubble.ch\/fr\/#website","url":"https:\/\/book-a-bubble.ch\/fr\/","name":"Book a Bubble - Finde dein Bubble Hotel","description":"You can book an overnight stay in our Bubble Tent.","publisher":{"@id":"https:\/\/book-a-bubble.ch\/fr\/#organization"},"potentialAction":[{"@type":"SearchAction","target":{"@type":"EntryPoint","urlTemplate":"https:\/\/book-a-bubble.ch\/fr\/?s={search_term_string}"},"query-input":{"@type":"PropertyValueSpecification","valueRequired":true,"valueName":"search_term_string"}}],"inLanguage":"fr-FR"},{"@type":"Organization","@id":"https:\/\/book-a-bubble.ch\/fr\/#organization","name":"Book overnight stay in Bubble Tent - Book a Bubble","url":"https:\/\/book-a-bubble.ch\/fr\/","logo":{"@type":"ImageObject","inLanguage":"fr-FR","@id":"https:\/\/book-a-bubble.ch\/fr\/#\/schema\/logo\/image\/","url":"https:\/\/book-a-bubble.ch\/wp-content\/uploads\/2022\/08\/Logo_Footer-e1659340173764.png","contentUrl":"https:\/\/book-a-bubble.ch\/wp-content\/uploads\/2022\/08\/Logo_Footer-e1659340173764.png","width":453,"height":107,"caption":"Book overnight stay in Bubble Tent - Book a Bubble"},"image":{"@id":"https:\/\/book-a-bubble.ch\/fr\/#\/schema\/logo\/image\/"},"sameAs":["https:\/\/www.instagram.com\/bubble.tent.deutschland\/?hl=de"]}]}},"_links":{"self":[{"href":"https:\/\/book-a-bubble.ch\/fr\/wp-json\/wp\/v2\/pages\/118644","targetHints":{"allow":["GET"]}}],"collection":[{"href":"https:\/\/book-a-bubble.ch\/fr\/wp-json\/wp\/v2\/pages"}],"about":[{"href":"https:\/\/book-a-bubble.ch\/fr\/wp-json\/wp\/v2\/types\/page"}],"author":[{"embeddable":true,"href":"https:\/\/book-a-bubble.ch\/fr\/wp-json\/wp\/v2\/users\/1"}],"replies":[{"embeddable":true,"href":"https:\/\/book-a-bubble.ch\/fr\/wp-json\/wp\/v2\/comments?post=118644"}],"version-history":[{"count":0,"href":"https:\/\/book-a-bubble.ch\/fr\/wp-json\/wp\/v2\/pages\/118644\/revisions"}],"wp:attachment":[{"href":"https:\/\/book-a-bubble.ch\/fr\/wp-json\/wp\/v2\/media?parent=118644"}],"curies":[{"name":"wp","href":"https:\/\/api.w.org\/{rel}","templated":true}]}}