

{"id":118645,"date":"2023-02-12T17:33:23","date_gmt":"2023-02-12T17:33:23","guid":{"rendered":"https:\/\/book-a-bubble.ch\/modes-de-paiement\/"},"modified":"2025-05-09T15:32:39","modified_gmt":"2025-05-09T15:32:39","slug":"modes-de-paiement","status":"publish","type":"page","link":"https:\/\/book-a-bubble.ch\/fr\/modes-de-paiement\/","title":{"rendered":"Modes de paiement"},"content":{"rendered":"\t\t<div data-elementor-type=\"wp-page\" data-elementor-id=\"118645\" class=\"elementor elementor-118645 elementor-7419\" data-elementor-post-type=\"page\">\n\t\t\t\t\t\t<section class=\"elementor-section elementor-top-section elementor-element elementor-element-d2f742e elementor-section-height-min-height elementor-section-boxed elementor-section-height-default elementor-section-items-middle\" data-id=\"d2f742e\" data-element_type=\"section\" data-settings=\"{&quot;background_background&quot;:&quot;classic&quot;}\">\n\t\t\t\t\t\t\t<div class=\"elementor-background-overlay\"><\/div>\n\t\t\t\t\t\t\t<div class=\"elementor-container elementor-column-gap-default\">\n\t\t\t\t\t<div class=\"elementor-column elementor-col-100 elementor-top-column elementor-element elementor-element-1bb64d9\" data-id=\"1bb64d9\" data-element_type=\"column\">\n\t\t\t<div class=\"elementor-widget-wrap elementor-element-populated\">\n\t\t\t\t\t\t\t<\/div>\n\t\t<\/div>\n\t\t\t\t\t<\/div>\n\t\t<\/section>\n\t\t\t\t<section class=\"elementor-section elementor-top-section elementor-element elementor-element-a7586e3 elementor-section-boxed elementor-section-height-default elementor-section-height-default\" data-id=\"a7586e3\" data-element_type=\"section\">\n\t\t\t\t\t\t<div class=\"elementor-container elementor-column-gap-default\">\n\t\t\t\t\t<div class=\"elementor-column elementor-col-100 elementor-top-column elementor-element elementor-element-7c842d3\" data-id=\"7c842d3\" data-element_type=\"column\">\n\t\t\t<div class=\"elementor-widget-wrap elementor-element-populated\">\n\t\t\t\t\t\t<div class=\"elementor-element elementor-element-15aa079 elementor-widget elementor-widget-heading\" data-id=\"15aa079\" data-element_type=\"widget\" data-widget_type=\"heading.default\">\n\t\t\t\t<div class=\"elementor-widget-container\">\n\t\t\t\t\t<h3 class=\"elementor-heading-title elementor-size-default\">Modes de paiement<\/h3>\t\t\t\t<\/div>\n\t\t\t\t<\/div>\n\t\t\t\t<div class=\"elementor-element elementor-element-7c5c522 elementor-widget elementor-widget-text-editor\" data-id=\"7c5c522\" data-element_type=\"widget\" data-widget_type=\"text-editor.default\">\n\t\t\t\t<div class=\"elementor-widget-container\">\n\t\t\t\t\t\t\t\t\t<p>Nous vous proposons les modes de paiement suivants. Il vous suffit de choisir le mode de paiement qui vous convient le mieux. Les frais de livraison d\u00e9pendent en partie du mode de paiement choisi. Les prix indiqu\u00e9s dans les offres respectives sont des prix finaux. Ils comprennent tous les \u00e9l\u00e9ments du prix, y compris les \u00e9ventuelles taxes applicables telles que la TVA. Ce n&#8217;est qu&#8217;en cas de livraison transfrontali\u00e8re que d&#8217;autres imp\u00f4ts (par exemple en cas d&#8217;acquisition intracommunautaire) et\/ou taxes (par exemple droits de douane) peuvent, dans certains cas, \u00eatre \u00e0 votre charge, non pas au vendeur mais aux autorit\u00e9s douani\u00e8res ou fiscales locales comp\u00e9tentes. Les frais de livraison et d&#8217;exp\u00e9dition ne sont pas inclus dans le prix d&#8217;achat, ils peuvent \u00eatre consult\u00e9s sur la page &#8220;Frais d&#8217;exp\u00e9dition&#8221;, sont indiqu\u00e9s s\u00e9par\u00e9ment au cours du processus de commande et sont \u00e0 votre charge en supl\u00e9ment.<\/p>\n<p><em>Carte de cr\u00e9dit<\/em><\/p>\n<p>Payez facilement par carte de cr\u00e9dit.<\/p>\n<p><em>PayPal<\/em><\/p>\n<p>Payer encore plus rapidement et en toute s\u00e9curit\u00e9 avec son compte PayPal.<\/p>\n<p><em>Paiement anticip\u00e9<\/em><\/p>\n<p>Livraison gratuite en Allemagne (sauf envoi express)<\/p>\n<p>Veuillez virer le montant total de votre commande sur notre compte :<\/p>\n<p>Titulaire du compte : Bubble Tent Deutschland FM UG<br \/>Institut de cr\u00e9dit : Sparkasse N\u00fcrnberg<br \/>IBAN : DE59 7605 0101 0014 9772 27<\/p>\n\t\t\t\t\t\t\t\t<\/div>\n\t\t\t\t<\/div>\n\t\t\t\t\t<\/div>\n\t\t<\/div>\n\t\t\t\t\t<\/div>\n\t\t<\/section>\n\t\t\t\t<\/div>\n\t\t","protected":false},"excerpt":{"rendered":"<p>Modes de paiement Nous vous proposons les modes de paiement suivants. Il vous suffit de choisir le mode de paiement qui vous convient le mieux. Les frais de livraison d\u00e9pendent en partie du mode de paiement choisi. Les prix indiqu\u00e9s dans les offres respectives sont des prix finaux. Ils comprennent tous les \u00e9l\u00e9ments du prix, [&hellip;]<\/p>\n","protected":false},"author":1,"featured_media":0,"parent":0,"menu_order":0,"comment_status":"closed","ping_status":"closed","template":"elementor_header_footer","meta":{"_acf_changed":false,"footnotes":""},"class_list":["post-118645","page","type-page","status-publish","hentry"],"acf":[],"yoast_head":"<!-- This site is optimized with the Yoast SEO Premium plugin v26.0 (Yoast SEO v26.6) - https:\/\/yoast.com\/wordpress\/plugins\/seo\/ -->\n<title>Modes de paiement \u2013 Tes options de r\u00e8glement<\/title>\n<meta name=\"description\" content=\"Twint, cartes, virement \u2013 choisis ce qui te convient.\" \/>\n<meta name=\"robots\" content=\"index, follow, max-snippet:-1, max-image-preview:large, max-video-preview:-1\" \/>\n<meta property=\"og:locale\" content=\"fr_FR\" \/>\n<meta property=\"og:type\" content=\"article\" \/>\n<meta property=\"og:title\" content=\"Modes de paiement\" \/>\n<meta property=\"og:description\" content=\"Twint, cartes, virement \u2013 choisis ce qui te convient.\" \/>\n<meta property=\"og:url\" content=\"https:\/\/book-a-bubble.ch\/fr\/modes-de-paiement\/\" \/>\n<meta property=\"og:site_name\" content=\"Book a Bubble\" \/>\n<meta property=\"article:modified_time\" content=\"2025-05-09T15:32:39+00:00\" \/>\n<meta name=\"twitter:card\" content=\"summary_large_image\" \/>\n<meta name=\"twitter:label1\" content=\"Dur\u00e9e de lecture estim\u00e9e\" \/>\n\t<meta name=\"twitter:data1\" content=\"1 minute\" \/>\n<script type=\"application\/ld+json\" class=\"yoast-schema-graph\">{\"@context\":\"https:\/\/schema.org\",\"@graph\":[{\"@type\":\"WebPage\",\"@id\":\"https:\/\/book-a-bubble.ch\/fr\/modes-de-paiement\/\",\"url\":\"https:\/\/book-a-bubble.ch\/fr\/modes-de-paiement\/\",\"name\":\"Modes de paiement \u2013 Tes options de r\u00e8glement\",\"isPartOf\":{\"@id\":\"https:\/\/book-a-bubble.ch\/fr\/#website\"},\"datePublished\":\"2023-02-12T17:33:23+00:00\",\"dateModified\":\"2025-05-09T15:32:39+00:00\",\"description\":\"Twint, cartes, virement \u2013 choisis ce qui te convient.\",\"breadcrumb\":{\"@id\":\"https:\/\/book-a-bubble.ch\/fr\/modes-de-paiement\/#breadcrumb\"},\"inLanguage\":\"fr-FR\",\"potentialAction\":[{\"@type\":\"ReadAction\",\"target\":[\"https:\/\/book-a-bubble.ch\/fr\/modes-de-paiement\/\"]}]},{\"@type\":\"BreadcrumbList\",\"@id\":\"https:\/\/book-a-bubble.ch\/fr\/modes-de-paiement\/#breadcrumb\",\"itemListElement\":[{\"@type\":\"ListItem\",\"position\":1,\"name\":\"Home\",\"item\":\"https:\/\/book-a-bubble.ch\/fr\/\"},{\"@type\":\"ListItem\",\"position\":2,\"name\":\"Modes de paiement\"}]},{\"@type\":\"WebSite\",\"@id\":\"https:\/\/book-a-bubble.ch\/fr\/#website\",\"url\":\"https:\/\/book-a-bubble.ch\/fr\/\",\"name\":\"Book a Bubble - Finde dein Bubble Hotel\",\"description\":\"You can book an overnight stay in our Bubble Tent.\",\"publisher\":{\"@id\":\"https:\/\/book-a-bubble.ch\/fr\/#organization\"},\"potentialAction\":[{\"@type\":\"SearchAction\",\"target\":{\"@type\":\"EntryPoint\",\"urlTemplate\":\"https:\/\/book-a-bubble.ch\/fr\/?s={search_term_string}\"},\"query-input\":{\"@type\":\"PropertyValueSpecification\",\"valueRequired\":true,\"valueName\":\"search_term_string\"}}],\"inLanguage\":\"fr-FR\"},{\"@type\":\"Organization\",\"@id\":\"https:\/\/book-a-bubble.ch\/fr\/#organization\",\"name\":\"Book overnight stay in Bubble Tent - Book a Bubble\",\"url\":\"https:\/\/book-a-bubble.ch\/fr\/\",\"logo\":{\"@type\":\"ImageObject\",\"inLanguage\":\"fr-FR\",\"@id\":\"https:\/\/book-a-bubble.ch\/fr\/#\/schema\/logo\/image\/\",\"url\":\"https:\/\/book-a-bubble.ch\/wp-content\/uploads\/2022\/08\/Logo_Footer-e1659340173764.png\",\"contentUrl\":\"https:\/\/book-a-bubble.ch\/wp-content\/uploads\/2022\/08\/Logo_Footer-e1659340173764.png\",\"width\":453,\"height\":107,\"caption\":\"Book overnight stay in Bubble Tent - Book a Bubble\"},\"image\":{\"@id\":\"https:\/\/book-a-bubble.ch\/fr\/#\/schema\/logo\/image\/\"},\"sameAs\":[\"https:\/\/www.instagram.com\/bubble.tent.deutschland\/?hl=de\"]}]}<\/script>\n<!-- \/ Yoast SEO Premium plugin. -->","yoast_head_json":{"title":"Modes de paiement \u2013 Tes options de r\u00e8glement","description":"Twint, cartes, virement \u2013 choisis ce qui te convient.","robots":{"index":"index","follow":"follow","max-snippet":"max-snippet:-1","max-image-preview":"max-image-preview:large","max-video-preview":"max-video-preview:-1"},"og_locale":"fr_FR","og_type":"article","og_title":"Modes de paiement","og_description":"Twint, cartes, virement \u2013 choisis ce qui te convient.","og_url":"https:\/\/book-a-bubble.ch\/fr\/modes-de-paiement\/","og_site_name":"Book a Bubble","article_modified_time":"2025-05-09T15:32:39+00:00","twitter_card":"summary_large_image","twitter_misc":{"Dur\u00e9e de lecture estim\u00e9e":"1 minute"},"schema":{"@context":"https:\/\/schema.org","@graph":[{"@type":"WebPage","@id":"https:\/\/book-a-bubble.ch\/fr\/modes-de-paiement\/","url":"https:\/\/book-a-bubble.ch\/fr\/modes-de-paiement\/","name":"Modes de paiement \u2013 Tes options de r\u00e8glement","isPartOf":{"@id":"https:\/\/book-a-bubble.ch\/fr\/#website"},"datePublished":"2023-02-12T17:33:23+00:00","dateModified":"2025-05-09T15:32:39+00:00","description":"Twint, cartes, virement \u2013 choisis ce qui te convient.","breadcrumb":{"@id":"https:\/\/book-a-bubble.ch\/fr\/modes-de-paiement\/#breadcrumb"},"inLanguage":"fr-FR","potentialAction":[{"@type":"ReadAction","target":["https:\/\/book-a-bubble.ch\/fr\/modes-de-paiement\/"]}]},{"@type":"BreadcrumbList","@id":"https:\/\/book-a-bubble.ch\/fr\/modes-de-paiement\/#breadcrumb","itemListElement":[{"@type":"ListItem","position":1,"name":"Home","item":"https:\/\/book-a-bubble.ch\/fr\/"},{"@type":"ListItem","position":2,"name":"Modes de paiement"}]},{"@type":"WebSite","@id":"https:\/\/book-a-bubble.ch\/fr\/#website","url":"https:\/\/book-a-bubble.ch\/fr\/","name":"Book a Bubble - Finde dein Bubble Hotel","description":"You can book an overnight stay in our Bubble Tent.","publisher":{"@id":"https:\/\/book-a-bubble.ch\/fr\/#organization"},"potentialAction":[{"@type":"SearchAction","target":{"@type":"EntryPoint","urlTemplate":"https:\/\/book-a-bubble.ch\/fr\/?s={search_term_string}"},"query-input":{"@type":"PropertyValueSpecification","valueRequired":true,"valueName":"search_term_string"}}],"inLanguage":"fr-FR"},{"@type":"Organization","@id":"https:\/\/book-a-bubble.ch\/fr\/#organization","name":"Book overnight stay in Bubble Tent - Book a Bubble","url":"https:\/\/book-a-bubble.ch\/fr\/","logo":{"@type":"ImageObject","inLanguage":"fr-FR","@id":"https:\/\/book-a-bubble.ch\/fr\/#\/schema\/logo\/image\/","url":"https:\/\/book-a-bubble.ch\/wp-content\/uploads\/2022\/08\/Logo_Footer-e1659340173764.png","contentUrl":"https:\/\/book-a-bubble.ch\/wp-content\/uploads\/2022\/08\/Logo_Footer-e1659340173764.png","width":453,"height":107,"caption":"Book overnight stay in Bubble Tent - Book a Bubble"},"image":{"@id":"https:\/\/book-a-bubble.ch\/fr\/#\/schema\/logo\/image\/"},"sameAs":["https:\/\/www.instagram.com\/bubble.tent.deutschland\/?hl=de"]}]}},"_links":{"self":[{"href":"https:\/\/book-a-bubble.ch\/fr\/wp-json\/wp\/v2\/pages\/118645","targetHints":{"allow":["GET"]}}],"collection":[{"href":"https:\/\/book-a-bubble.ch\/fr\/wp-json\/wp\/v2\/pages"}],"about":[{"href":"https:\/\/book-a-bubble.ch\/fr\/wp-json\/wp\/v2\/types\/page"}],"author":[{"embeddable":true,"href":"https:\/\/book-a-bubble.ch\/fr\/wp-json\/wp\/v2\/users\/1"}],"replies":[{"embeddable":true,"href":"https:\/\/book-a-bubble.ch\/fr\/wp-json\/wp\/v2\/comments?post=118645"}],"version-history":[{"count":0,"href":"https:\/\/book-a-bubble.ch\/fr\/wp-json\/wp\/v2\/pages\/118645\/revisions"}],"wp:attachment":[{"href":"https:\/\/book-a-bubble.ch\/fr\/wp-json\/wp\/v2\/media?parent=118645"}],"curies":[{"name":"wp","href":"https:\/\/api.w.org\/{rel}","templated":true}]}}