

{"id":222558,"date":"2024-10-31T15:29:57","date_gmt":"2024-10-31T15:29:57","guid":{"rendered":"https:\/\/book-a-bubble.ch\/product\/coffret-de-noel\/"},"modified":"2025-12-18T09:57:28","modified_gmt":"2025-12-18T09:57:28","slug":"coffret-de-noel","status":"publish","type":"product","link":"https:\/\/book-a-bubble.ch\/fr\/produit\/coffret-de-noel\/","title":{"rendered":"Coffret de bons"},"content":{"rendered":"","protected":false},"excerpt":{"rendered":"","protected":false},"featured_media":226527,"comment_status":"open","ping_status":"closed","template":"","meta":{"_acf_changed":false},"product_brand":[],"product_cat":[194],"product_tag":[],"class_list":{"0":"post-222558","1":"product","2":"type-product","3":"status-publish","4":"has-post-thumbnail","6":"product_cat-non-classe","8":"first","9":"instock","10":"shipping-taxable","11":"purchasable","12":"product-type-simple"},"acf":[],"yoast_head":"<!-- This site is optimized with the Yoast SEO Premium plugin v26.0 (Yoast SEO v27.4) - https:\/\/yoast.com\/product\/yoast-seo-premium-wordpress\/ -->\n<title>Coffret de ch\u00e8ques-cadeaux - un cadeau qui fait &quot;wow<\/title>\n<meta name=\"description\" content=\"Une bo\u00eete \u00e9l\u00e9gante avec une valeur d&#039;exp\u00e9rience : id\u00e9al pour offrir une nuit de Bubble Tent pleine de romantisme et de nature.\" \/>\n<meta name=\"robots\" content=\"index, follow, max-snippet:-1, max-image-preview:large, max-video-preview:-1\" \/>\n<meta property=\"og:locale\" content=\"fr_FR\" \/>\n<meta property=\"og:type\" content=\"article\" \/>\n<meta property=\"og:title\" content=\"Coffret de bons\" \/>\n<meta property=\"og:description\" content=\"Une bo\u00eete \u00e9l\u00e9gante avec une valeur d&#039;exp\u00e9rience : id\u00e9al pour offrir une nuit de Bubble Tent pleine de romantisme et de nature.\" \/>\n<meta property=\"og:url\" content=\"https:\/\/book-a-bubble.ch\/fr\/produit\/coffret-de-noel\/\" \/>\n<meta property=\"og:site_name\" content=\"Book a Bubble\" \/>\n<meta property=\"article:modified_time\" content=\"2025-12-18T09:57:28+00:00\" \/>\n<meta property=\"og:image\" content=\"https:\/\/book-a-bubble.ch\/wp-content\/uploads\/2024\/10\/Rectangle-24.png\" \/>\n\t<meta property=\"og:image:width\" content=\"406\" \/>\n\t<meta property=\"og:image:height\" content=\"370\" \/>\n\t<meta property=\"og:image:type\" content=\"image\/png\" \/>\n<meta name=\"twitter:card\" content=\"summary_large_image\" \/>\n<meta name=\"twitter:label1\" content=\"Prix\" \/>\n\t<meta name=\"twitter:data1\" content=\"19,90&nbsp;&#067;&#072;&#070;\" \/>\n\t<meta name=\"twitter:label2\" content=\"Disponibilit\u00e9\" \/>\n\t<meta name=\"twitter:data2\" content=\"En stock\" \/>\n<script type=\"application\/ld+json\" class=\"yoast-schema-graph\">{\"@context\":\"https:\\\/\\\/schema.org\",\"@graph\":[{\"@type\":\"WebPage\",\"@id\":\"https:\\\/\\\/book-a-bubble.ch\\\/fr\\\/produit\\\/coffret-de-noel\\\/\",\"url\":\"https:\\\/\\\/book-a-bubble.ch\\\/fr\\\/produit\\\/coffret-de-noel\\\/\",\"name\":\"Coffret de ch\u00e8ques-cadeaux - un cadeau qui fait \\\"wow\",\"isPartOf\":{\"@id\":\"https:\\\/\\\/book-a-bubble.ch\\\/fr\\\/#website\"},\"primaryImageOfPage\":{\"@id\":\"https:\\\/\\\/book-a-bubble.ch\\\/fr\\\/produit\\\/coffret-de-noel\\\/#primaryimage\"},\"image\":{\"@id\":\"https:\\\/\\\/book-a-bubble.ch\\\/fr\\\/produit\\\/coffret-de-noel\\\/#primaryimage\"},\"thumbnailUrl\":\"https:\\\/\\\/book-a-bubble.ch\\\/wp-content\\\/uploads\\\/2024\\\/10\\\/Rectangle-24.png\",\"datePublished\":\"2024-10-31T15:29:57+00:00\",\"dateModified\":\"2025-12-18T09:57:28+00:00\",\"description\":\"Une bo\u00eete \u00e9l\u00e9gante avec une valeur d'exp\u00e9rience : id\u00e9al pour offrir une nuit de Bubble Tent pleine de romantisme et de nature.\",\"breadcrumb\":{\"@id\":\"https:\\\/\\\/book-a-bubble.ch\\\/fr\\\/produit\\\/coffret-de-noel\\\/#breadcrumb\"},\"inLanguage\":\"fr-FR\",\"potentialAction\":[{\"@type\":\"ReadAction\",\"target\":[\"https:\\\/\\\/book-a-bubble.ch\\\/fr\\\/produit\\\/coffret-de-noel\\\/\"]}]},{\"@type\":\"ImageObject\",\"inLanguage\":\"fr-FR\",\"@id\":\"https:\\\/\\\/book-a-bubble.ch\\\/fr\\\/produit\\\/coffret-de-noel\\\/#primaryimage\",\"url\":\"https:\\\/\\\/book-a-bubble.ch\\\/wp-content\\\/uploads\\\/2024\\\/10\\\/Rectangle-24.png\",\"contentUrl\":\"https:\\\/\\\/book-a-bubble.ch\\\/wp-content\\\/uploads\\\/2024\\\/10\\\/Rectangle-24.png\",\"width\":406,\"height\":370},{\"@type\":\"BreadcrumbList\",\"@id\":\"https:\\\/\\\/book-a-bubble.ch\\\/fr\\\/produit\\\/coffret-de-noel\\\/#breadcrumb\",\"itemListElement\":[{\"@type\":\"ListItem\",\"position\":1,\"name\":\"Home\",\"item\":\"https:\\\/\\\/book-a-bubble.ch\\\/fr\\\/\"},{\"@type\":\"ListItem\",\"position\":2,\"name\":\"Produits\",\"item\":\"https:\\\/\\\/book-a-bubble.ch\\\/fr\\\/shop\\\/\"},{\"@type\":\"ListItem\",\"position\":3,\"name\":\"Coffret de bons\"}]},{\"@type\":\"WebSite\",\"@id\":\"https:\\\/\\\/book-a-bubble.ch\\\/fr\\\/#website\",\"url\":\"https:\\\/\\\/book-a-bubble.ch\\\/fr\\\/\",\"name\":\"Book a Bubble - Finde dein Bubble Hotel\",\"description\":\"You can book an overnight stay in our Bubble Tent.\",\"publisher\":{\"@id\":\"https:\\\/\\\/book-a-bubble.ch\\\/fr\\\/#organization\"},\"potentialAction\":[{\"@type\":\"SearchAction\",\"target\":{\"@type\":\"EntryPoint\",\"urlTemplate\":\"https:\\\/\\\/book-a-bubble.ch\\\/fr\\\/?s={search_term_string}\"},\"query-input\":{\"@type\":\"PropertyValueSpecification\",\"valueRequired\":true,\"valueName\":\"search_term_string\"}}],\"inLanguage\":\"fr-FR\"},{\"@type\":\"Organization\",\"@id\":\"https:\\\/\\\/book-a-bubble.ch\\\/fr\\\/#organization\",\"name\":\"Book overnight stay in Bubble Tent - Book a Bubble\",\"url\":\"https:\\\/\\\/book-a-bubble.ch\\\/fr\\\/\",\"logo\":{\"@type\":\"ImageObject\",\"inLanguage\":\"fr-FR\",\"@id\":\"https:\\\/\\\/book-a-bubble.ch\\\/fr\\\/#\\\/schema\\\/logo\\\/image\\\/\",\"url\":\"https:\\\/\\\/book-a-bubble.ch\\\/wp-content\\\/uploads\\\/2022\\\/08\\\/Logo_Footer-e1659340173764.png\",\"contentUrl\":\"https:\\\/\\\/book-a-bubble.ch\\\/wp-content\\\/uploads\\\/2022\\\/08\\\/Logo_Footer-e1659340173764.png\",\"width\":453,\"height\":107,\"caption\":\"Book overnight stay in Bubble Tent - Book a Bubble\"},\"image\":{\"@id\":\"https:\\\/\\\/book-a-bubble.ch\\\/fr\\\/#\\\/schema\\\/logo\\\/image\\\/\"},\"sameAs\":[\"https:\\\/\\\/www.instagram.com\\\/bubble.tent.deutschland\\\/?hl=de\"]}]}<\/script>\n<meta property=\"product:price:amount\" content=\"19.90\" \/>\n<meta property=\"product:price:currency\" content=\"CHF\" \/>\n<meta property=\"og:availability\" content=\"instock\" \/>\n<meta property=\"product:availability\" content=\"instock\" \/>\n<meta property=\"product:condition\" content=\"new\" \/>\n<!-- \/ Yoast SEO Premium plugin. -->","yoast_head_json":{"title":"Coffret de ch\u00e8ques-cadeaux - un cadeau qui fait \"wow","description":"Une bo\u00eete \u00e9l\u00e9gante avec une valeur d'exp\u00e9rience : id\u00e9al pour offrir une nuit de Bubble Tent pleine de romantisme et de nature.","robots":{"index":"index","follow":"follow","max-snippet":"max-snippet:-1","max-image-preview":"max-image-preview:large","max-video-preview":"max-video-preview:-1"},"og_locale":"fr_FR","og_type":"article","og_title":"Coffret de bons","og_description":"Une bo\u00eete \u00e9l\u00e9gante avec une valeur d'exp\u00e9rience : id\u00e9al pour offrir une nuit de Bubble Tent pleine de romantisme et de nature.","og_url":"https:\/\/book-a-bubble.ch\/fr\/produit\/coffret-de-noel\/","og_site_name":"Book a Bubble","article_modified_time":"2025-12-18T09:57:28+00:00","og_image":[{"width":406,"height":370,"url":"https:\/\/book-a-bubble.ch\/wp-content\/uploads\/2024\/10\/Rectangle-24.png","type":"image\/png"}],"twitter_card":"summary_large_image","twitter_misc":{"Prix":"19,90&nbsp;&#67;&#72;&#70;","Disponibilit\u00e9":"En stock"},"schema":{"@context":"https:\/\/schema.org","@graph":[{"@type":"WebPage","@id":"https:\/\/book-a-bubble.ch\/fr\/produit\/coffret-de-noel\/","url":"https:\/\/book-a-bubble.ch\/fr\/produit\/coffret-de-noel\/","name":"Coffret de ch\u00e8ques-cadeaux - un cadeau qui fait \"wow","isPartOf":{"@id":"https:\/\/book-a-bubble.ch\/fr\/#website"},"primaryImageOfPage":{"@id":"https:\/\/book-a-bubble.ch\/fr\/produit\/coffret-de-noel\/#primaryimage"},"image":{"@id":"https:\/\/book-a-bubble.ch\/fr\/produit\/coffret-de-noel\/#primaryimage"},"thumbnailUrl":"https:\/\/book-a-bubble.ch\/wp-content\/uploads\/2024\/10\/Rectangle-24.png","datePublished":"2024-10-31T15:29:57+00:00","dateModified":"2025-12-18T09:57:28+00:00","description":"Une bo\u00eete \u00e9l\u00e9gante avec une valeur d'exp\u00e9rience : id\u00e9al pour offrir une nuit de Bubble Tent pleine de romantisme et de nature.","breadcrumb":{"@id":"https:\/\/book-a-bubble.ch\/fr\/produit\/coffret-de-noel\/#breadcrumb"},"inLanguage":"fr-FR","potentialAction":[{"@type":"ReadAction","target":["https:\/\/book-a-bubble.ch\/fr\/produit\/coffret-de-noel\/"]}]},{"@type":"ImageObject","inLanguage":"fr-FR","@id":"https:\/\/book-a-bubble.ch\/fr\/produit\/coffret-de-noel\/#primaryimage","url":"https:\/\/book-a-bubble.ch\/wp-content\/uploads\/2024\/10\/Rectangle-24.png","contentUrl":"https:\/\/book-a-bubble.ch\/wp-content\/uploads\/2024\/10\/Rectangle-24.png","width":406,"height":370},{"@type":"BreadcrumbList","@id":"https:\/\/book-a-bubble.ch\/fr\/produit\/coffret-de-noel\/#breadcrumb","itemListElement":[{"@type":"ListItem","position":1,"name":"Home","item":"https:\/\/book-a-bubble.ch\/fr\/"},{"@type":"ListItem","position":2,"name":"Produits","item":"https:\/\/book-a-bubble.ch\/fr\/shop\/"},{"@type":"ListItem","position":3,"name":"Coffret de bons"}]},{"@type":"WebSite","@id":"https:\/\/book-a-bubble.ch\/fr\/#website","url":"https:\/\/book-a-bubble.ch\/fr\/","name":"Book a Bubble - Finde dein Bubble Hotel","description":"You can book an overnight stay in our Bubble Tent.","publisher":{"@id":"https:\/\/book-a-bubble.ch\/fr\/#organization"},"potentialAction":[{"@type":"SearchAction","target":{"@type":"EntryPoint","urlTemplate":"https:\/\/book-a-bubble.ch\/fr\/?s={search_term_string}"},"query-input":{"@type":"PropertyValueSpecification","valueRequired":true,"valueName":"search_term_string"}}],"inLanguage":"fr-FR"},{"@type":"Organization","@id":"https:\/\/book-a-bubble.ch\/fr\/#organization","name":"Book overnight stay in Bubble Tent - Book a Bubble","url":"https:\/\/book-a-bubble.ch\/fr\/","logo":{"@type":"ImageObject","inLanguage":"fr-FR","@id":"https:\/\/book-a-bubble.ch\/fr\/#\/schema\/logo\/image\/","url":"https:\/\/book-a-bubble.ch\/wp-content\/uploads\/2022\/08\/Logo_Footer-e1659340173764.png","contentUrl":"https:\/\/book-a-bubble.ch\/wp-content\/uploads\/2022\/08\/Logo_Footer-e1659340173764.png","width":453,"height":107,"caption":"Book overnight stay in Bubble Tent - Book a Bubble"},"image":{"@id":"https:\/\/book-a-bubble.ch\/fr\/#\/schema\/logo\/image\/"},"sameAs":["https:\/\/www.instagram.com\/bubble.tent.deutschland\/?hl=de"]}]},"product_price_amount":"19.90","product_price_currency":"CHF","og_availability":"instock","product_availability":"instock","product_condition":"new"},"_links":{"self":[{"href":"https:\/\/book-a-bubble.ch\/fr\/wp-json\/wp\/v2\/product\/222558","targetHints":{"allow":["GET"]}}],"collection":[{"href":"https:\/\/book-a-bubble.ch\/fr\/wp-json\/wp\/v2\/product"}],"about":[{"href":"https:\/\/book-a-bubble.ch\/fr\/wp-json\/wp\/v2\/types\/product"}],"replies":[{"embeddable":true,"href":"https:\/\/book-a-bubble.ch\/fr\/wp-json\/wp\/v2\/comments?post=222558"}],"wp:featuredmedia":[{"embeddable":true,"href":"https:\/\/book-a-bubble.ch\/fr\/wp-json\/wp\/v2\/media\/226527"}],"wp:attachment":[{"href":"https:\/\/book-a-bubble.ch\/fr\/wp-json\/wp\/v2\/media?parent=222558"}],"wp:term":[{"taxonomy":"product_brand","embeddable":true,"href":"https:\/\/book-a-bubble.ch\/fr\/wp-json\/wp\/v2\/product_brand?post=222558"},{"taxonomy":"product_cat","embeddable":true,"href":"https:\/\/book-a-bubble.ch\/fr\/wp-json\/wp\/v2\/product_cat?post=222558"},{"taxonomy":"product_tag","embeddable":true,"href":"https:\/\/book-a-bubble.ch\/fr\/wp-json\/wp\/v2\/product_tag?post=222558"}],"curies":[{"name":"wp","href":"https:\/\/api.w.org\/{rel}","templated":true}]}}