

{"id":236901,"date":"2025-11-12T12:01:26","date_gmt":"2025-11-12T12:01:26","guid":{"rendered":"https:\/\/book-a-bubble.ch\/product\/bon-cadeau-zuckeralp\/"},"modified":"2025-12-24T14:54:20","modified_gmt":"2025-12-24T14:54:20","slug":"bon-cadeau-zuckeralp","status":"publish","type":"product","link":"https:\/\/book-a-bubble.ch\/fr\/produit\/bon-cadeau-zuckeralp\/","title":{"rendered":"Bon cadeau \u2013 Zuckeralp"},"content":{"rendered":"<p data-start=\"86\" data-end=\"289\">Ce bon de valeur peut \u00eatre utilis\u00e9 dans tous les sites en Suisse et est valable pendant trois ans \u00e0 compter de la date d&#8217;\u00e9mission. Un paiement en esp\u00e8ces ou un remboursement en cas de trop-per\u00e7u n&#8217;est malheureusement pas possible.<\/p>\n<p data-start=\"291\" data-end=\"406\">Pour utiliser votre bon d&#8217;achat, il vous suffit de saisir le code dans le champ pr\u00e9vu \u00e0 cet effet lors du processus de commande.<\/p>\n<p data-start=\"508\" data-end=\"671\">Si vous avez des questions, si vous avez besoin d&#8217;informations suppl\u00e9mentaires ou si nous pouvons vous aider d&#8217;une autre mani\u00e8re, n&#8217;h\u00e9sitez pas \u00e0 nous contacter. Nous sommes l\u00e0 pour vous aider !<\/p>\n","protected":false},"excerpt":{"rendered":"<p>Ce bon de valeur peut \u00eatre utilis\u00e9 dans tous les sites en Suisse et est valable pendant trois ans \u00e0 compter de la date d&#8217;\u00e9mission. Un paiement en esp\u00e8ces ou un remboursement en cas de trop-per\u00e7u n&#8217;est malheureusement pas possible. Pour utiliser votre bon d&#8217;achat, il vous suffit de saisir le code dans le champ [&hellip;]<\/p>\n","protected":false},"featured_media":229665,"comment_status":"open","ping_status":"closed","template":"","meta":{"_acf_changed":false},"product_brand":[],"product_cat":[226],"product_tag":[],"class_list":{"0":"post-236901","1":"product","2":"type-product","3":"status-publish","4":"has-post-thumbnail","6":"product_cat-bon-dachat-fr","8":"first","9":"instock","10":"shipping-taxable","11":"purchasable","12":"product-type-variable","13":"has-default-attributes"},"acf":[],"yoast_head":"<!-- This site is optimized with the Yoast SEO Premium plugin v26.0 (Yoast SEO v27.4) - https:\/\/yoast.com\/product\/yoast-seo-premium-wordpress\/ -->\n<title>Bon cadeau \u2013 Zuckeralp<\/title>\n<meta name=\"description\" content=\"Bei Book a Bubble k\u00f6nnen Sie eine unvergessliche \u00dcbernachtung in einem Bubble Tent von Bubble Tent Deutschland buchen. Licht aus, Sterne an - ist unser Motto.\" \/>\n<meta name=\"robots\" content=\"index, follow, max-snippet:-1, max-image-preview:large, max-video-preview:-1\" \/>\n<meta property=\"og:locale\" content=\"fr_FR\" \/>\n<meta property=\"og:type\" content=\"article\" \/>\n<meta property=\"og:title\" content=\"Bon cadeau \u2013 Zuckeralp\" \/>\n<meta property=\"og:description\" content=\"Bei Book a Bubble k\u00f6nnen Sie eine unvergessliche \u00dcbernachtung in einem Bubble Tent von Bubble Tent Deutschland buchen. Licht aus, Sterne an - ist unser Motto.\" \/>\n<meta property=\"og:url\" content=\"https:\/\/book-a-bubble.ch\/fr\/produit\/bon-cadeau-zuckeralp\/\" \/>\n<meta property=\"og:site_name\" content=\"Book a Bubble\" \/>\n<meta property=\"article:modified_time\" content=\"2025-12-24T14:54:20+00:00\" \/>\n<meta name=\"twitter:card\" content=\"summary_large_image\" \/>\n<meta name=\"twitter:label1\" content=\"Disponibilit\u00e9\" \/>\n\t<meta name=\"twitter:data1\" content=\"En stock\" \/>\n<script type=\"application\/ld+json\" class=\"yoast-schema-graph\">{\"@context\":\"https:\\\/\\\/schema.org\",\"@graph\":[{\"@type\":\"WebPage\",\"@id\":\"https:\\\/\\\/book-a-bubble.ch\\\/fr\\\/produit\\\/bon-cadeau-zuckeralp\\\/\",\"url\":\"https:\\\/\\\/book-a-bubble.ch\\\/fr\\\/produit\\\/bon-cadeau-zuckeralp\\\/\",\"name\":\"Bon cadeau \u2013 Zuckeralp\",\"isPartOf\":{\"@id\":\"https:\\\/\\\/book-a-bubble.ch\\\/fr\\\/#website\"},\"primaryImageOfPage\":{\"@id\":\"https:\\\/\\\/book-a-bubble.ch\\\/fr\\\/produit\\\/bon-cadeau-zuckeralp\\\/#primaryimage\"},\"image\":{\"@id\":\"https:\\\/\\\/book-a-bubble.ch\\\/fr\\\/produit\\\/bon-cadeau-zuckeralp\\\/#primaryimage\"},\"thumbnailUrl\":\"https:\\\/\\\/book-a-bubble.ch\\\/wp-content\\\/uploads\\\/2025\\\/04\\\/Gutschein-Neu-1.png\",\"datePublished\":\"2025-11-12T12:01:26+00:00\",\"dateModified\":\"2025-12-24T14:54:20+00:00\",\"description\":\"Bei Book a Bubble k\u00f6nnen Sie eine unvergessliche \u00dcbernachtung in einem Bubble Tent von Bubble Tent Deutschland buchen. Licht aus, Sterne an - ist unser Motto.\",\"breadcrumb\":{\"@id\":\"https:\\\/\\\/book-a-bubble.ch\\\/fr\\\/produit\\\/bon-cadeau-zuckeralp\\\/#breadcrumb\"},\"inLanguage\":\"fr-FR\",\"potentialAction\":[{\"@type\":\"ReadAction\",\"target\":[\"https:\\\/\\\/book-a-bubble.ch\\\/fr\\\/produit\\\/bon-cadeau-zuckeralp\\\/\"]}]},{\"@type\":\"ImageObject\",\"inLanguage\":\"fr-FR\",\"@id\":\"https:\\\/\\\/book-a-bubble.ch\\\/fr\\\/produit\\\/bon-cadeau-zuckeralp\\\/#primaryimage\",\"url\":\"https:\\\/\\\/book-a-bubble.ch\\\/wp-content\\\/uploads\\\/2025\\\/04\\\/Gutschein-Neu-1.png\",\"contentUrl\":\"https:\\\/\\\/book-a-bubble.ch\\\/wp-content\\\/uploads\\\/2025\\\/04\\\/Gutschein-Neu-1.png\",\"width\":1417,\"height\":1969},{\"@type\":\"BreadcrumbList\",\"@id\":\"https:\\\/\\\/book-a-bubble.ch\\\/fr\\\/produit\\\/bon-cadeau-zuckeralp\\\/#breadcrumb\",\"itemListElement\":[{\"@type\":\"ListItem\",\"position\":1,\"name\":\"Home\",\"item\":\"https:\\\/\\\/book-a-bubble.ch\\\/fr\\\/\"},{\"@type\":\"ListItem\",\"position\":2,\"name\":\"Produits\",\"item\":\"https:\\\/\\\/book-a-bubble.ch\\\/fr\\\/shop\\\/\"},{\"@type\":\"ListItem\",\"position\":3,\"name\":\"Bon cadeau \u2013 Zuckeralp\"}]},{\"@type\":\"WebSite\",\"@id\":\"https:\\\/\\\/book-a-bubble.ch\\\/fr\\\/#website\",\"url\":\"https:\\\/\\\/book-a-bubble.ch\\\/fr\\\/\",\"name\":\"Book a Bubble - Finde dein Bubble Hotel\",\"description\":\"You can book an overnight stay in our Bubble Tent.\",\"publisher\":{\"@id\":\"https:\\\/\\\/book-a-bubble.ch\\\/fr\\\/#organization\"},\"potentialAction\":[{\"@type\":\"SearchAction\",\"target\":{\"@type\":\"EntryPoint\",\"urlTemplate\":\"https:\\\/\\\/book-a-bubble.ch\\\/fr\\\/?s={search_term_string}\"},\"query-input\":{\"@type\":\"PropertyValueSpecification\",\"valueRequired\":true,\"valueName\":\"search_term_string\"}}],\"inLanguage\":\"fr-FR\"},{\"@type\":\"Organization\",\"@id\":\"https:\\\/\\\/book-a-bubble.ch\\\/fr\\\/#organization\",\"name\":\"Book overnight stay in Bubble Tent - Book a Bubble\",\"url\":\"https:\\\/\\\/book-a-bubble.ch\\\/fr\\\/\",\"logo\":{\"@type\":\"ImageObject\",\"inLanguage\":\"fr-FR\",\"@id\":\"https:\\\/\\\/book-a-bubble.ch\\\/fr\\\/#\\\/schema\\\/logo\\\/image\\\/\",\"url\":\"https:\\\/\\\/book-a-bubble.ch\\\/wp-content\\\/uploads\\\/2022\\\/08\\\/Logo_Footer-e1659340173764.png\",\"contentUrl\":\"https:\\\/\\\/book-a-bubble.ch\\\/wp-content\\\/uploads\\\/2022\\\/08\\\/Logo_Footer-e1659340173764.png\",\"width\":453,\"height\":107,\"caption\":\"Book overnight stay in Bubble Tent - Book a Bubble\"},\"image\":{\"@id\":\"https:\\\/\\\/book-a-bubble.ch\\\/fr\\\/#\\\/schema\\\/logo\\\/image\\\/\"},\"sameAs\":[\"https:\\\/\\\/www.instagram.com\\\/bubble.tent.deutschland\\\/?hl=de\"]}]}<\/script>\n<meta property=\"og:availability\" content=\"instock\" \/>\n<meta property=\"product:availability\" content=\"instock\" \/>\n<meta property=\"product:condition\" content=\"new\" \/>\n<!-- \/ Yoast SEO Premium plugin. -->","yoast_head_json":{"title":"Bon cadeau \u2013 Zuckeralp","description":"Bei Book a Bubble k\u00f6nnen Sie eine unvergessliche \u00dcbernachtung in einem Bubble Tent von Bubble Tent Deutschland buchen. Licht aus, Sterne an - ist unser Motto.","robots":{"index":"index","follow":"follow","max-snippet":"max-snippet:-1","max-image-preview":"max-image-preview:large","max-video-preview":"max-video-preview:-1"},"og_locale":"fr_FR","og_type":"article","og_title":"Bon cadeau \u2013 Zuckeralp","og_description":"Bei Book a Bubble k\u00f6nnen Sie eine unvergessliche \u00dcbernachtung in einem Bubble Tent von Bubble Tent Deutschland buchen. Licht aus, Sterne an - ist unser Motto.","og_url":"https:\/\/book-a-bubble.ch\/fr\/produit\/bon-cadeau-zuckeralp\/","og_site_name":"Book a Bubble","article_modified_time":"2025-12-24T14:54:20+00:00","twitter_card":"summary_large_image","twitter_misc":{"Disponibilit\u00e9":"En stock"},"schema":{"@context":"https:\/\/schema.org","@graph":[{"@type":"WebPage","@id":"https:\/\/book-a-bubble.ch\/fr\/produit\/bon-cadeau-zuckeralp\/","url":"https:\/\/book-a-bubble.ch\/fr\/produit\/bon-cadeau-zuckeralp\/","name":"Bon cadeau \u2013 Zuckeralp","isPartOf":{"@id":"https:\/\/book-a-bubble.ch\/fr\/#website"},"primaryImageOfPage":{"@id":"https:\/\/book-a-bubble.ch\/fr\/produit\/bon-cadeau-zuckeralp\/#primaryimage"},"image":{"@id":"https:\/\/book-a-bubble.ch\/fr\/produit\/bon-cadeau-zuckeralp\/#primaryimage"},"thumbnailUrl":"https:\/\/book-a-bubble.ch\/wp-content\/uploads\/2025\/04\/Gutschein-Neu-1.png","datePublished":"2025-11-12T12:01:26+00:00","dateModified":"2025-12-24T14:54:20+00:00","description":"Bei Book a Bubble k\u00f6nnen Sie eine unvergessliche \u00dcbernachtung in einem Bubble Tent von Bubble Tent Deutschland buchen. Licht aus, Sterne an - ist unser Motto.","breadcrumb":{"@id":"https:\/\/book-a-bubble.ch\/fr\/produit\/bon-cadeau-zuckeralp\/#breadcrumb"},"inLanguage":"fr-FR","potentialAction":[{"@type":"ReadAction","target":["https:\/\/book-a-bubble.ch\/fr\/produit\/bon-cadeau-zuckeralp\/"]}]},{"@type":"ImageObject","inLanguage":"fr-FR","@id":"https:\/\/book-a-bubble.ch\/fr\/produit\/bon-cadeau-zuckeralp\/#primaryimage","url":"https:\/\/book-a-bubble.ch\/wp-content\/uploads\/2025\/04\/Gutschein-Neu-1.png","contentUrl":"https:\/\/book-a-bubble.ch\/wp-content\/uploads\/2025\/04\/Gutschein-Neu-1.png","width":1417,"height":1969},{"@type":"BreadcrumbList","@id":"https:\/\/book-a-bubble.ch\/fr\/produit\/bon-cadeau-zuckeralp\/#breadcrumb","itemListElement":[{"@type":"ListItem","position":1,"name":"Home","item":"https:\/\/book-a-bubble.ch\/fr\/"},{"@type":"ListItem","position":2,"name":"Produits","item":"https:\/\/book-a-bubble.ch\/fr\/shop\/"},{"@type":"ListItem","position":3,"name":"Bon cadeau \u2013 Zuckeralp"}]},{"@type":"WebSite","@id":"https:\/\/book-a-bubble.ch\/fr\/#website","url":"https:\/\/book-a-bubble.ch\/fr\/","name":"Book a Bubble - Finde dein Bubble Hotel","description":"You can book an overnight stay in our Bubble Tent.","publisher":{"@id":"https:\/\/book-a-bubble.ch\/fr\/#organization"},"potentialAction":[{"@type":"SearchAction","target":{"@type":"EntryPoint","urlTemplate":"https:\/\/book-a-bubble.ch\/fr\/?s={search_term_string}"},"query-input":{"@type":"PropertyValueSpecification","valueRequired":true,"valueName":"search_term_string"}}],"inLanguage":"fr-FR"},{"@type":"Organization","@id":"https:\/\/book-a-bubble.ch\/fr\/#organization","name":"Book overnight stay in Bubble Tent - Book a Bubble","url":"https:\/\/book-a-bubble.ch\/fr\/","logo":{"@type":"ImageObject","inLanguage":"fr-FR","@id":"https:\/\/book-a-bubble.ch\/fr\/#\/schema\/logo\/image\/","url":"https:\/\/book-a-bubble.ch\/wp-content\/uploads\/2022\/08\/Logo_Footer-e1659340173764.png","contentUrl":"https:\/\/book-a-bubble.ch\/wp-content\/uploads\/2022\/08\/Logo_Footer-e1659340173764.png","width":453,"height":107,"caption":"Book overnight stay in Bubble Tent - Book a Bubble"},"image":{"@id":"https:\/\/book-a-bubble.ch\/fr\/#\/schema\/logo\/image\/"},"sameAs":["https:\/\/www.instagram.com\/bubble.tent.deutschland\/?hl=de"]}]},"og_availability":"instock","product_availability":"instock","product_condition":"new"},"_links":{"self":[{"href":"https:\/\/book-a-bubble.ch\/fr\/wp-json\/wp\/v2\/product\/236901","targetHints":{"allow":["GET"]}}],"collection":[{"href":"https:\/\/book-a-bubble.ch\/fr\/wp-json\/wp\/v2\/product"}],"about":[{"href":"https:\/\/book-a-bubble.ch\/fr\/wp-json\/wp\/v2\/types\/product"}],"replies":[{"embeddable":true,"href":"https:\/\/book-a-bubble.ch\/fr\/wp-json\/wp\/v2\/comments?post=236901"}],"wp:featuredmedia":[{"embeddable":true,"href":"https:\/\/book-a-bubble.ch\/fr\/wp-json\/wp\/v2\/media\/229665"}],"wp:attachment":[{"href":"https:\/\/book-a-bubble.ch\/fr\/wp-json\/wp\/v2\/media?parent=236901"}],"wp:term":[{"taxonomy":"product_brand","embeddable":true,"href":"https:\/\/book-a-bubble.ch\/fr\/wp-json\/wp\/v2\/product_brand?post=236901"},{"taxonomy":"product_cat","embeddable":true,"href":"https:\/\/book-a-bubble.ch\/fr\/wp-json\/wp\/v2\/product_cat?post=236901"},{"taxonomy":"product_tag","embeddable":true,"href":"https:\/\/book-a-bubble.ch\/fr\/wp-json\/wp\/v2\/product_tag?post=236901"}],"curies":[{"name":"wp","href":"https:\/\/api.w.org\/{rel}","templated":true}]}}